{"id":27632,"date":"2020-12-01T10:59:35","date_gmt":"2020-12-01T09:59:35","guid":{"rendered":"https:\/\/hotelauroramarmolada.it\/home-inverno\/"},"modified":"2022-04-27T21:07:39","modified_gmt":"2022-04-27T19:07:39","slug":"home-inverno","status":"publish","type":"page","link":"https:\/\/hotelauroramarmolada.it\/de\/home-inverno\/","title":{"rendered":"Heimwinter"},"content":{"rendered":"<div class=\"wpb-content-wrapper\"><p>[vc_row css_animation=&#8220;&#8220; row_type=&#8220;row&#8220; use_row_as_full_screen_section=&#8220;no&#8220; type=&#8220;full_width&#8220; angled_section=&#8220;no&#8220; text_align=&#8220;left&#8220; background_image_as_pattern=&#8220;without_pattern&#8220;][vc_column][layerslider_vc id=&#8220;26&#8243;][\/vc_column][\/vc_row][vc_row css_animation=&#8220;&#8220; row_type=&#8220;row&#8220; use_row_as_full_screen_section=&#8220;no&#8220; type=&#8220;grid&#8220; angled_section=&#8220;no&#8220; text_align=&#8220;center&#8220; background_image_as_pattern=&#8220;without_pattern&#8220; z_index=&#8220;&#8220; css=&#8220;.vc_custom_1559896092580{padding-top: 72px !important;padding-bottom: 44px !important;background-color: #ffffff !important;}&#8220;][vc_column width=&#8220;5\/6&#8243; offset=&#8220;vc_col-sm-offset-1&#8243;][vc_column_text]<\/p>\n<h1>W\u00e4hlen Sie Ihren Urlaub in den Dolomiten<\/h1>\n<p>[\/vc_column_text][vc_empty_space height=&#8220;16&#8243;][vc_column_text]<\/p>\n<h3>Viele M\u00f6glichkeiten, ein paar Tage in den Bergen zwischen Natur, gutem Essen, herrlichen Sonnentagen und vielem mehr zu genie\u00dfen&#8230;<\/h3>\n<p>[\/vc_column_text][\/vc_column][\/vc_row][vc_row css_animation=&#8220;&#8220; row_type=&#8220;row&#8220; use_row_as_full_screen_section=&#8220;no&#8220; type=&#8220;full_width&#8220; angled_section=&#8220;no&#8220; text_align=&#8220;left&#8220; background_image_as_pattern=&#8220;without_pattern&#8220;][vc_column][qode_elements_holder number_of_columns=&#8220;two_columns&#8220;][qode_elements_holder_item cover=&#8220;yes&#8220; vertical_alignment=&#8220;middle&#8220; horizontal_alignment=&#8220;center&#8220; advanced_animations=&#8220;no&#8220; item_padding=&#8220;107px 54px 125px 148px&#8220; item_padding_600_768=&#8220;30% 0 30% 0&#8243; item_padding_480_600=&#8220;30% 0 30% 0&#8243; item_padding_480=&#8220;30% 0 30% 0&#8243; background_image=&#8220;25463&#8243;][vc_empty_space height=&#8220;30&#8243;][vc_empty_space height=&#8220;30&#8243;][\/qode_elements_holder_item][qode_elements_holder_item vertical_alignment=&#8220;top&#8220; advanced_animations=&#8220;no&#8220; background_color=&#8220;#ffffff&#8220; item_padding=&#8220;127px 54px 155px 148px&#8220; item_padding_1280_1440=&#8220;107px 54px 107px 50px&#8220; item_padding_768_1024=&#8220;121px 30px 121px 30px&#8220; item_padding_600_768=&#8220;121px 60px 121px 60px&#8220; item_padding_480_600=&#8220;45px 30px 80px 25px&#8220; item_padding_480=&#8220;45px 30px 80px 25px&#8220;][vc_column_text]<\/p>\n<h2>Urlaub im Schnee<\/h2>\n<p>[\/vc_column_text][vc_empty_space height=&#8220;20px&#8220;][vc_column_text]<\/p>\n<div id=\"idTextPanel\" class=\"jqDnR\">\n<p>Die Dolomiten sind Orte, an denen das Eintauchen in die Gebirgsnatur eine Reise durch die vielf\u00e4ltigen Traditionen der seit der Antike bev\u00f6lkerten T\u00e4ler bedeutet. Es bedeutet auch, die j\u00fcngste Geschichte unseres Landes Italien durchzugehen.<\/p>\n<p>Sport- und Freizeitaktivit\u00e4ten werden f\u00fcr alle Niveaus praktiziert, von Spazierg\u00e4ngen mit Schneeschuhen inmitten einer einzigartigen Natur \u00fcber Trekking f\u00fcr diejenigen, die Kontakt mit dem Berg haben m\u00f6chten, bis hin zu Sport f\u00fcr professionelle Kletterer.<\/p>\n<p>Orte von nat\u00fcrlichem und historischem Interesse, die in den Gletschern dieser T\u00e4ler, die die Gipfel und P\u00e4sse unausl\u00f6schlich markieren, die \u00dcberreste der Kriege besichtigen k\u00f6nnen.<\/p>\n<\/div>\n<p>[\/vc_column_text][vc_empty_space height=&#8220;30&#8243;][vc_btn title=&#8220;Dolomiti Superski&#8220; color=&#8220;green&#8220; link=&#8220;url:https%3A%2F%2Fhotelauroramarmolada.it%2Fde%2Fski-area-dolomiti-superski%2F|title:Ski%20Area%20Dolomiti%20Superski|target:_blank&#8220; css=&#8220;.vc_custom_1607336355793{margin-right: 15px !important;}&#8220;][vc_btn title=&#8220;Angebote&#8220; color=&#8220;juicy-pink&#8220; link=&#8220;url:https%3A%2F%2Fhotelauroramarmolada.it%2Fde%2Fangebote%2F|title:Angebote&#8220; css=&#8220;.vc_custom_1607340538430{margin-left: 10px !important;}&#8220;][\/qode_elements_holder_item][\/qode_elements_holder][\/vc_column][\/vc_row][vc_row css_animation=&#8220;&#8220; row_type=&#8220;row&#8220; use_row_as_full_screen_section=&#8220;no&#8220; type=&#8220;full_width&#8220; angled_section=&#8220;no&#8220; text_align=&#8220;left&#8220; background_image_as_pattern=&#8220;without_pattern&#8220;][vc_column][qode_elements_holder number_of_columns=&#8220;two_columns&#8220;][qode_elements_holder_item vertical_alignment=&#8220;top&#8220; advanced_animations=&#8220;no&#8220; background_color=&#8220;#ffffff&#8220; item_padding=&#8220;127px 54px 155px 148px&#8220; item_padding_1280_1440=&#8220;107px 54px 107px 50px&#8220; item_padding_768_1024=&#8220;121px 30px 121px 30px&#8220; item_padding_600_768=&#8220;121px 60px 121px 60px&#8220; item_padding_480_600=&#8220;45px 30px 80px 25px&#8220; item_padding_480=&#8220;45px 30px 80px 25px&#8220;][vc_column_text]<\/p>\n<h2>Serrai di Sottoguda<\/h2>\n<p>[\/vc_column_text][vc_empty_space height=&#8220;40px&#8220;][vc_column_text]Der regionale Naturpark <strong> Serrai di Sottoguda <\/strong> oder &#8222;Serai&#8220; geh\u00f6rt zu den bemerkenswerten Sch\u00f6nheiten der Dolomiten, einer ein paar Kilometer langen Schlucht mit bis zu 400 Meter hohen Mauern, die in einigen Abschnitten entstehen nur wenige Meter entfernt.<\/p>\n<p>Die Erosion des Pettorina-Stroms, der entlang dieser \u00fcber Millionen von Jahren gebildeten Schlucht flie\u00dft, hat dazu gef\u00fchrt, dass sein Wasser die Felsen formt und Risse und H\u00f6hlen an den Felsw\u00e4nden bildet.<\/p>\n<p>Die Breite der Schlucht \u00fcberschreitet nicht zehn Meter und B\u00e4che und Wasserf\u00e4lle flie\u00dfen entlang der Mauern wie der von Franzei, &#8222;La Pisa&#8220;, die im Winter Eisw\u00e4nde bilden, die Bergsteigern aus aller Welt bekannt und frequentiert sind, die Eisklettern praktizieren.<\/p>\n<p><span style=\"color: #ff0000;\">(Nicht praktikabel wegen vollst\u00e4ndiger Schlie\u00dfung aufgrund von Arbeiten)<\/span>[\/vc_column_text][vc_empty_space height=&#8220;30&#8243;][vc_btn title=&#8220;Serrai di Sottoguda&#8220; color=&#8220;green&#8220; link=&#8220;url:https%3A%2F%2Fhotelauroramarmolada.it%2Fde%2Fserrai-di-sottoguda%2F|title:Ristorante&#8220; css=&#8220;.vc_custom_1607335650720{margin-right: 15px !important;}&#8220;][vc_btn title=&#8220;Angebote&#8220; color=&#8220;juicy-pink&#8220; link=&#8220;url:https%3A%2F%2Fhotelauroramarmolada.it%2Fde%2Fangebote%2F|title:Angebote&#8220; css=&#8220;.vc_custom_1607340538430{margin-left: 10px !important;}&#8220;][\/qode_elements_holder_item][qode_elements_holder_item vertical_alignment=&#8220;top&#8220; horizontal_alignment=&#8220;center&#8220; advanced_animations=&#8220;no&#8220; item_padding=&#8220;107px 54px 125px 148px&#8220; item_padding_600_768=&#8220;30% 0 30% 0&#8243; item_padding_480_600=&#8220;30% 0 30% 0&#8243; item_padding_480=&#8220;30% 0 30% 0&#8243; background_image=&#8220;27618&#8243;][vc_empty_space height=&#8220;30&#8243;][vc_empty_space height=&#8220;30&#8243;][\/qode_elements_holder_item][\/qode_elements_holder][\/vc_column][\/vc_row][vc_row css_animation=&#8220;&#8220; row_type=&#8220;row&#8220; use_row_as_full_screen_section=&#8220;no&#8220; type=&#8220;full_width&#8220; angled_section=&#8220;no&#8220; text_align=&#8220;left&#8220; background_image_as_pattern=&#8220;without_pattern&#8220;][vc_column][qode_elements_holder number_of_columns=&#8220;two_columns&#8220;][qode_elements_holder_item cover=&#8220;yes&#8220; vertical_alignment=&#8220;top&#8220; horizontal_alignment=&#8220;center&#8220; advanced_animations=&#8220;no&#8220; background_image=&#8220;16788&#8243; item_padding=&#8220;107px 54px 125px 148px&#8220; item_padding_600_768=&#8220;30% 0 30% 0&#8243; item_padding_480_600=&#8220;30% 0 30% 0&#8243; item_padding_480=&#8220;30% 0 30% 0&#8243;][vc_empty_space height=&#8220;30&#8243;][vc_empty_space height=&#8220;30&#8243;][\/qode_elements_holder_item][qode_elements_holder_item vertical_alignment=&#8220;top&#8220; advanced_animations=&#8220;no&#8220; background_color=&#8220;#ffffff&#8220; item_padding=&#8220;127px 54px 155px 148px&#8220; item_padding_1280_1440=&#8220;107px 54px 107px 50px&#8220; item_padding_768_1024=&#8220;121px 30px 121px 30px&#8220; item_padding_600_768=&#8220;121px 60px 121px 60px&#8220; item_padding_480_600=&#8220;45px 30px 80px 25px&#8220; item_padding_480=&#8220;45px 30px 80px 25px&#8220;][vc_column_text]<\/p>\n<h2>Restaurant<\/h2>\n<p>[\/vc_column_text][vc_empty_space height=&#8220;40px&#8220;][vc_column_text]<\/p>\n<div id=\"idTextPanel\" class=\"jqDnR\">\n<div id=\"idTextPanel\" class=\"jqDnR\">\n<p>Im Restaurant des Aurora Hotels k\u00f6nnen Sie die typischen Aromen dieser T\u00e4ler einatmen, eine K\u00fcche, die von den Eigent\u00fcmern Iolanda und Gianni, die mit der Auswahl der Rohstoffe betraut sind, pers\u00f6nlich zubereitet wird.<\/p>\n<p>Eine K\u00fcche, die t\u00e4glich mit frischen saisonalen Produkten wie der reichen Auswahl an Gem\u00fcse versorgt wird und in g\u00fcnstigen Klimazonen in den G\u00e4rten neben dem Hotel geerntet wird.<\/p>\n<\/div>\n<\/div>\n<p>[\/vc_column_text][vc_empty_space height=&#8220;30&#8243;][vc_btn title=&#8220;Restaurant&#8220; color=&#8220;mulled-wine&#8220; link=&#8220;url:https%3A%2F%2Fhotelauroramarmolada.it%2Fde%2Frestaurant-marmolada%2F|title:Restaurant&#8220; css=&#8220;.vc_custom_1607335952411{margin-right: 15px !important;}&#8220;][vc_btn title=&#8220;Angebote&#8220; color=&#8220;juicy-pink&#8220; link=&#8220;url:https%3A%2F%2Fhotelauroramarmolada.it%2Fde%2Fangebote%2F|title:Angebote&#8220; css=&#8220;.vc_custom_1607340538430{margin-left: 10px !important;}&#8220;][\/qode_elements_holder_item][\/qode_elements_holder][\/vc_column][\/vc_row][vc_row css_animation=&#8220;&#8220; row_type=&#8220;row&#8220; use_row_as_full_screen_section=&#8220;no&#8220; type=&#8220;full_width&#8220; angled_section=&#8220;no&#8220; text_align=&#8220;left&#8220; background_image_as_pattern=&#8220;without_pattern&#8220;][vc_column][qode_elements_holder number_of_columns=&#8220;two_columns&#8220;][qode_elements_holder_item vertical_alignment=&#8220;top&#8220; advanced_animations=&#8220;no&#8220; background_color=&#8220;#ffffff&#8220; item_padding=&#8220;127px 54px 155px 148px&#8220; item_padding_1280_1440=&#8220;107px 54px 107px 50px&#8220; item_padding_768_1024=&#8220;121px 30px 121px 30px&#8220; item_padding_600_768=&#8220;121px 60px 121px 60px&#8220; item_padding_480_600=&#8220;45px 30px 80px 25px&#8220; item_padding_480=&#8220;45px 30px 80px 25px&#8220;][vc_column_text]<\/p>\n<h2>Privates Museum des Ersten Weltkriegs<\/h2>\n<p>[\/vc_column_text][vc_empty_space height=&#8220;40px&#8220;][vc_column_text]<\/p>\n<div id=\"idTextPanel\" class=\"jqDnR\">\n<p>Das Hotel Aurora bietet seinen G\u00e4sten die M\u00f6glichkeit, eine gro\u00dfe Sammlung von Funden aus dem Ersten Weltkrieg kostenlos zu besuchen. Das Museum, das der Familie der Hoteliers geh\u00f6rt, besteht aus Hunderten von Funden aller Art: pers\u00f6nlichen Gegenst\u00e4nden, Uniformen, Alltagsgegenst\u00e4nden, Briefen an Familien, Kriegsdokumenten, Kriegsgegenst\u00e4nden, die alle vom t\u00e4glichen Leben der Soldaten w\u00e4hrend des Krieges zeugen. Ich komme aus pers\u00f6nlichen Forschungen an Orten, an denen Schlachten stattfanden, wie zum Beispiel: Marmolada, Col di Lana, Falzarego.<\/p>\n<p>F\u00fcr Informationen kontaktieren Sie das Hotel unter der Telefonnummer +39 0437 721126 oder per E-Mail unter info@hotelauroramarmolada.it<\/p>\n<\/div>\n<p>[\/vc_column_text][vc_empty_space height=&#8220;30&#8243;][vc_btn title=&#8220;Das Museum besuchen&#8220; color=&#8220;inverse&#8220; link=&#8220;url:https%3A%2F%2Fhotelauroramarmolada.it%2Fde%2Fmuseum-des-ersten-weltkriegs%2F|title:Ristorante&#8220;][\/qode_elements_holder_item][qode_elements_holder_item cover=&#8220;yes&#8220; vertical_alignment=&#8220;middle&#8220; horizontal_alignment=&#8220;center&#8220; advanced_animations=&#8220;no&#8220; background_image=&#8220;19031&#8243; item_padding=&#8220;0 0 0 0&#8243; item_padding_600_768=&#8220;30% 0 30% 0&#8243; item_padding_480_600=&#8220;30% 0 30% 0&#8243; item_padding_480=&#8220;30% 0 30% 0&#8243;][vc_empty_space height=&#8220;30&#8243;][vc_empty_space height=&#8220;30&#8243;][\/qode_elements_holder_item][\/qode_elements_holder][\/vc_column][\/vc_row][vc_row css_animation=&#8220;&#8220; row_type=&#8220;row&#8220; use_row_as_full_screen_section=&#8220;no&#8220; type=&#8220;grid&#8220; angled_section=&#8220;no&#8220; text_align=&#8220;left&#8220; background_image_as_pattern=&#8220;without_pattern&#8220; z_index=&#8220;&#8220; el_id=&#8220;offerte&#8220; css=&#8220;.vc_custom_1559894269838{padding-top: 5% !important;padding-bottom: 5% !important;background: #e8e8e8 url(https:\/\/www.hotelauroramarmolada.it\/wp-content\/uploads\/2019\/06\/leaf-1498985_1920_quadrante.jpg?id=26331) !important;background-position: center !important;background-repeat: no-repeat !important;background-size: cover !important;}&#8220;][vc_column offset=&#8220;vc_hidden-lg vc_hidden-md vc_hidden-sm vc_hidden-xs&#8220;][vc_column_text css=&#8220;.vc_custom_1607336242680{border-top-width: 5px !important;border-right-width: 5px !important;border-bottom-width: 5px !important;border-left-width: 5px !important;padding-top: 10px !important;padding-bottom: 15px !important;background-color: rgba(255,255,255,0.83) !important;*background-color: rgb(255,255,255) !important;border-left-color: rgba(255,255,255,0.22) !important;border-left-style: solid !important;border-right-color: rgba(255,255,255,0.22) !important;border-right-style: solid !important;border-top-color: rgba(255,255,255,0.22) !important;border-top-style: solid !important;border-bottom-color: rgba(255,255,255,0.22) !important;border-bottom-style: solid !important;border-radius: 35px !important;}&#8220;]<\/p>\n<h1 style=\"text-align: center; font-size: 40px; font-weight: bold;\"><span style=\"color: #2f467b;\">Schauen Sie sich die Angebote an oder gehen Sie zu <span style=\"color: #00ccff;\"><a style=\"color: #00ccff;\" href=\"https:\/\/hotelauroramarmolada.it\/listino-prezzi-inverno\/\">Winterpreisliste <\/a><\/span><\/span><\/h1>\n<p>[\/vc_column_text][vc_empty_space][vc_basic_grid post_type=&#8220;post&#8220; max_items=&#8220;10&#8243; gap=&#8220;20&#8243; item=&#8220;21893&#8243; grid_id=&#8220;vc_gid:1607520531482-360f3ace-879e-1&#8243; taxonomies=&#8220;11&#8243;][vc_empty_space height=&#8220;60&#8243;][\/vc_column][\/vc_row]<\/p>\n<\/div>","protected":false},"excerpt":{"rendered":"<p>[vc_row css_animation=&#8220;&#8220; row_type=&#8220;row&#8220; use_row_as_full_screen_section=&#8220;no&#8220; type=&#8220;full_width&#8220; angled_section=&#8220;no&#8220; text_align=&#8220;left&#8220; background_image_as_pattern=&#8220;without_pattern&#8220;][vc_column][layerslider_vc id=&#8220;26&#8243;][\/vc_column][\/vc_row][vc_row css_animation=&#8220;&#8220; row_type=&#8220;row&#8220; use_row_as_full_screen_section=&#8220;no&#8220; type=&#8220;grid&#8220; angled_section=&#8220;no&#8220; text_align=&#8220;center&#8220; background_image_as_pattern=&#8220;without_pattern&#8220; z_index=&#8220;&#8220; css=&#8220;.vc_custom_1559896092580{padding-top: 72px !important;padding-bottom: 44px !important;background-color:&#8230;<\/p>\n","protected":false},"author":1,"featured_media":0,"parent":0,"menu_order":0,"comment_status":"closed","ping_status":"closed","template":"full_width.php","meta":{"_acf_changed":false,"_monsterinsights_skip_tracking":false,"_monsterinsights_sitenote_active":false,"_monsterinsights_sitenote_note":"","_monsterinsights_sitenote_category":0,"footnotes":""},"class_list":["post-27632","page","type-page","status-publish","hentry"],"acf":[],"_links":{"self":[{"href":"https:\/\/hotelauroramarmolada.it\/de\/wp-json\/wp\/v2\/pages\/27632","targetHints":{"allow":["GET"]}}],"collection":[{"href":"https:\/\/hotelauroramarmolada.it\/de\/wp-json\/wp\/v2\/pages"}],"about":[{"href":"https:\/\/hotelauroramarmolada.it\/de\/wp-json\/wp\/v2\/types\/page"}],"author":[{"embeddable":true,"href":"https:\/\/hotelauroramarmolada.it\/de\/wp-json\/wp\/v2\/users\/1"}],"replies":[{"embeddable":true,"href":"https:\/\/hotelauroramarmolada.it\/de\/wp-json\/wp\/v2\/comments?post=27632"}],"version-history":[{"count":4,"href":"https:\/\/hotelauroramarmolada.it\/de\/wp-json\/wp\/v2\/pages\/27632\/revisions"}],"predecessor-version":[{"id":27660,"href":"https:\/\/hotelauroramarmolada.it\/de\/wp-json\/wp\/v2\/pages\/27632\/revisions\/27660"}],"wp:attachment":[{"href":"https:\/\/hotelauroramarmolada.it\/de\/wp-json\/wp\/v2\/media?parent=27632"}],"curies":[{"name":"wp","href":"https:\/\/api.w.org\/{rel}","templated":true}]}}