{"id":26387,"date":"2019-06-03T16:50:40","date_gmt":"2019-06-03T14:50:40","guid":{"rendered":"https:\/\/www.hotelauroramarmolada.it\/itinerari-ed-escursioni\/"},"modified":"2019-12-16T18:20:08","modified_gmt":"2019-12-16T17:20:08","slug":"reiserouten-und-ausfluege","status":"publish","type":"page","link":"https:\/\/hotelauroramarmolada.it\/de\/reiserouten-und-ausfluege\/","title":{"rendered":"Reiserouten und Ausfl\u00fcge"},"content":{"rendered":"<div class=\"wpb-content-wrapper\"><p>[vc_row css_animation=&#8220;&#8220; row_type=&#8220;row&#8220; use_row_as_full_screen_section=&#8220;no&#8220; type=&#8220;grid&#8220; angled_section=&#8220;no&#8220; text_align=&#8220;left&#8220; background_image_as_pattern=&#8220;without_pattern&#8220; z_index=&#8220;&#8220;][vc_column][vc_column_text]Die Dolomiten sind Orte, an denen Sie in die Natur der Berge eintauchen k\u00f6nnen. Machen Sie einen Ausflug durch die vielen Traditionen der seit der Antike bewohnten T\u00e4ler.\u00a0Es bedeutet auch, die j\u00fcngste Geschichte unseres Landes Italien zu durchlaufen.\u00a0Sport- und Spielaktivit\u00e4ten werden f\u00fcr alle Niveaus praktiziert, von erholsamen Spazierg\u00e4ngen in einer einzigartigen Natur \u00fcber Trekking f\u00fcr diejenigen, die Kontakt mit dem Berg haben m\u00f6chten, bis hin zu Sportarten f\u00fcr professionelle Kletterer.\u00a0Wege, Klettersteige, Felsw\u00e4nde kreuzen Orte von nat\u00fcrlichem und historischem Interesse und k\u00f6nnen die \u00dcberreste der Kriege zwischen diesen T\u00e4lern, die die Gipfel und P\u00e4sse unausl\u00f6schlich markieren, besichtigen.[\/vc_column_text][vc_empty_space][qode_elements_holder number_of_columns=&#8220;two_columns&#8220; columns_proportion=&#8220;66_33&#8243;][qode_elements_holder_item advanced_animations=&#8220;no&#8220; item_padding=&#8220;0px 15px 0px 15px&#8220;][vc_column_text]<\/p>\n<h2><span class=\"goog-text-highlight\">FERRATA SASS DE ROCIA<\/span><\/h2>\n<p>Ein gut ausgestatteter Weg f\u00fcr diejenigen, die mit dieser Aktivit\u00e4t beginnen, der in einem halben Tag erledigt werden kann und durch das Vorhandensein von Klammern erleichtert wird, um vertikalen Abschnitten gegen\u00fcberzustehen.<\/p>\n<p>Ausgehend von der Stadt Ronc, 8 km vom Hotel Aurora entfernt, die Sie erreichen, indem Sie vor dem Ferienort Digonera links nach Laste abbiegen, erreichen Sie das Dorf Ronc, in dem wir parken k\u00f6nnen.<br \/>\nAm Dorfeingang sehen wir in etwas mehr als 10 Minuten das Wegweiser zum Beginn des Klettersteigs.<\/p>\n<p><span class=\"\">Von hier aus geht es den Klettersteig entlang an mit Wein ausgestatteten W\u00e4nden hinauf, um einen H\u00fcgel zu erreichen.<\/span><br \/>\nZwischen Br\u00fccken und Abschnitten, die immer so ausgestattet sind, dass sie den Gipfel erreichen, auf dem sich das Biwak Pian delle Stelle befindet.<br \/>\nInformationen zu dieser Tour und zur R\u00fcckkehr auf derselben Route finden Sie auf der\u00a0<strong>topografischen Karte Tabacco 015 Marmolada, Pelmo, Civetta-Moiazza<\/strong>\u00a0.<\/p>\n<p><strong>\u00a0\u00a0\u00a0\u00a0\u00a0\u00a0\u00a0\u00a0\u00a0\u00a0\u00a0\u00a0\u00a0\u00a0\u00a0\u00a0\u00a0\u00a0\u00a0\u00a0\u00a0\u00a0\u00a0\u00a0\u00a0\u00a0\u00a0\u00a0\u00a0\u00a0\u00a0\u00a0\u00a0\u00a0\u00a0\u00a0\u00a0\u00a0\u00a0\u00a0\u00a0\u00a0\u00a0\u00a0\u00a0\u00a0\u00a0\u00a0\u00a0\u00a0\u00a0\u00a0\u00a0\u00a0\u00a0\u00a0\u00a0\u00a0\u00a0\u00a0\u00a0\u00a0\u00a0\u00a0\u00a0\u00a0\u00a0\u00a0\u00a0\u00a0\u00a0\u00a0\u00a0\u00a0\u00a0\u00a0\u00a0\u00a0\u00a0\u00a0\u00a0\u00a0\u00a0\u00a0\u00a0\u00a0\u00a0\u00a0\u00a0\u00a0\u00a0\u00a0\u00a0\u00a0\u00a0\u00a0\u00a0\u00a0\u00a0\u00a0\u00a0\u00a0\u00a0\u00a0\u00a0\u00a0\u00a0\u00a0\u00a0\u00a0\u00a0\u00a0\u00a0\u00a0\u00a0\u00a0\u00a0\u00a0\u00a0\u00a0\u00a0\u00a0\u00a0\u00a0\u00a0\u00a0\u00a0\u00a0\u00a0\u00a0\u00a0\u00a0\u00a0\u00a0\u00a0\u00a0\u00a0\u00a0\u00a0\u00a0\u00a0\u00a0\u00a0\u00a0\u00a0\u00a0\u00a0\u00a0\u00a0\u00a0\u00a0\u00a0\u00a0\u00a0\u00a0\u00a0\u00a0\u00a0\u00a0\u00a0\u00a0\u00a0\u00a0\u00a0\u00a0\u00a0\u00a0\u00a0\u00a0\u00a0\u00a0\u00a0\u00a0<\/strong><\/p>\n<p><strong>Bereich<\/strong>\u00a0: Marmolada Group.<br \/>\n<strong>H\u00f6henunterschied<\/strong> : ca. 120 mt.<br \/>\n<strong>Zeiten<\/strong>\u00a0: 0,45 Stunden f\u00fcr den Aufstieg.<br \/>\n<strong>Schwierigkeit<\/strong> : Nicht schwierig Klettersteig.<strong><br \/>\nKarte<\/strong>\u00a0: Tabak Topografische Karte 015 &#8211; MARMOLADA, PELMO, CIVETTA-MOIAZZA[\/vc_column_text][\/qode_elements_holder_item][qode_elements_holder_item advanced_animations=&#8220;no&#8220;][vc_gmaps link=&#8220;#E-8_JTNDaWZyYW1lJTIwc3JjJTNEJTIyaHR0cHMlM0ElMkYlMkZ3d3cuZ29vZ2xlLmNvbSUyRm1hcHMlMkZlbWJlZCUzRnBiJTNEJTIxMW0xOCUyMTFtMTIlMjExbTMlMjExZDkyNi40MDA4NDIyODUxMDg0JTIxMmQxMS45NzYyODE1ODUxMzMzMDYlMjEzZDQ2LjQ0OTI5Njk5ODM3NjMlMjEybTMlMjExZjAlMjEyZjAlMjEzZjAlMjEzbTIlMjExaTEwMjQlMjEyaTc2OCUyMTRmMTMuMSUyMTNtMyUyMTFtMiUyMTFzMHgwJTI1M0EweDAlMjEyek5EYkNzREkySnpVM0xqVWlUaUF4TWNLd05UZ25Nell1T0NKRiUyMTVlMSUyMTNtMiUyMTFzaXQlMjEyc2l0JTIxNHYxNTU5NTY0ODE2MjQ0JTIxNW0yJTIxMXNpdCUyMTJzaXQlMjIlMjB3aWR0aCUzRCUyMjYwMCUyMiUyMGhlaWdodCUzRCUyMjQ1MCUyMiUyMGZyYW1lYm9yZGVyJTNEJTIyMCUyMiUyMHN0eWxlJTNEJTIyYm9yZGVyJTNBMCUyMiUyMGFsbG93ZnVsbHNjcmVlbiUzRSUzQyUyRmlmcmFtZSUzRQ==&#8220; title=&#8220;Abfahrtskarte&#8220;][\/qode_elements_holder_item][\/qode_elements_holder][vc_separator type=&#8220;normal&#8220; thickness=&#8220;1&#8243; up=&#8220;38&#8243; down=&#8220;50&#8243;][qode_elements_holder number_of_columns=&#8220;two_columns&#8220; columns_proportion=&#8220;33_66&#8243;][qode_elements_holder_item advanced_animations=&#8220;no&#8220;][vc_raw_html]JTNDYSUyMHRpdGxlJTNEJTIyQm9sYWdvJTIwZGklMjBXaWtpcGVkaWElMjBpbiUyMGl0YWxpYW5vJTIwJTVCQ0MlMjBCWSUyMDMuMCUyMCUyOGh0dHBzJTNBJTJGJTJGY3JlYXRpdmVjb21tb25zLm9yZyUyRmxpY2Vuc2VzJTJGYnklMkYzLjAlMjklNUQlMkMlMjBhdHRyYXZlcnNvJTIwV2lraW1lZGlhJTIwQ29tbW9ucyUyMiUyMGhyZWYlM0QlMjJodHRwcyUzQSUyRiUyRmNvbW1vbnMud2lraW1lZGlhLm9yZyUyRndpa2klMkZGaWxlJTNBUG9udGVfc29zcGVzb19kZWxsYV9GZXJyYXRhX2RlbGxlX1RyaW5jZWUuSlBHJTIyJTNFJTNDaW1nJTIwd2lkdGglM0QlMjI1MTIlMjIlMjBhbHQlM0QlMjJQb250ZSUyMHNvc3Blc28lMjBkZWxsYSUyMEZlcnJhdGElMjBkZWxsZSUyMFRyaW5jZWUlMjIlMjBzcmMlM0QlMjJodHRwcyUzQSUyRiUyRnVwbG9hZC53aWtpbWVkaWEub3JnJTJGd2lraXBlZGlhJTJGY29tbW9ucyUyRnRodW1iJTJGMyUyRjMxJTJGUG9udGVfc29zcGVzb19kZWxsYV9GZXJyYXRhX2RlbGxlX1RyaW5jZWUuSlBHJTJGNTEycHgtUG9udGVfc29zcGVzb19kZWxsYV9GZXJyYXRhX2RlbGxlX1RyaW5jZWUuSlBHJTIyJTNFJTNDJTJGYSUzRQ==[\/vc_raw_html][\/qode_elements_holder_item][qode_elements_holder_item advanced_animations=&#8220;no&#8220; item_padding=&#8220;0px 15px 0px 15px&#8220;][vc_column_text]<\/p>\n<h2>Ferrata delle Trincee<\/h2>\n<p><span class=\"goog-text-highlight\">Der\u00a0<\/span><strong><span class=\"goog-text-highlight\">Ferrata delle Trincee<\/span><\/strong><span class=\"goog-text-highlight\">\u00a0ist ein anspruchsvolles Rigg auf dem Kamm des Padon.\u00a0<\/span>Es ist der Marmolada zugewandt und bietet einen Blick auf die umliegenden Gipfel.<br \/>\nDie Abfahrt zum Klettersteig ist leicht von den Porta Vescovo-Anlagen in Arabba aus \u00fcber den Weg Nr. 698 vom Fedaia-Pass (ca. 1 Stunde) oder vom Pordoi-Pass \u00fcber den eindrucksvollen Viel del Pan-Weg (ca. 2 Stunden) zu erreichen.<br \/>\nSie k\u00f6nnen die Tunnel besichtigen, die w\u00e4hrend des Ersten Weltkrieges entlang der K\u00e4mme des Padon zwischen einigen exponierten Abschnitten gebaut wurden. Wenn Sie den Hinweisen zum Bontadini-Biwak folgen, werden Sie auf die noch sichtbaren Kriegsposten und die \u00dcberreste eines Wehrdorfs sto\u00dfen, das heute als Erinnerung dient Balkon.<\/p>\n<p>&nbsp;<\/p>\n<p><strong>Gebiet<\/strong>\u00a0: Marmolada-Gruppe<br \/>\n<strong>Maximale H\u00f6he<\/strong>\u00a0: 2 727 m \u00fcber dem Meeresspiegel<br \/>\n<strong>Zeit<\/strong>\u00a0: 6 Stunden<br \/>\n<strong>Schwierigkeitsgrad<\/strong>\u00a0: mittelhoch[\/vc_column_text][\/qode_elements_holder_item][\/qode_elements_holder][vc_separator type=&#8220;normal&#8220; thickness=&#8220;1&#8243; up=&#8220;38&#8243; down=&#8220;50&#8243;][qode_elements_holder number_of_columns=&#8220;two_columns&#8220; columns_proportion=&#8220;66_33&#8243;][qode_elements_holder_item advanced_animations=&#8220;no&#8220; item_padding=&#8220;0px 15px 0px 15px&#8220;][vc_column_text]<\/p>\n<h2>Serrai di Sottoguda<\/h2>\n<p>[\/vc_column_text][vc_empty_space height=&#8220;40px&#8220;][vc_column_text]<\/p>\n<div id=\"idTextPanel\" class=\"jqDnR\">\n<div id=\"idTextPanel\" class=\"jqDnR\">\n<p>Der regionale Naturpark der\u00a0<strong>Serrai di Sottoguda<\/strong>\u00a0oder \u201eSerai\u201c geh\u00f6rt zu den bemerkenswerten Sch\u00f6nheiten der Dolomiten, einer ein paar Kilometer langen Schlucht mit bis zu 400 Meter hohen Mauern, die stellenweise nur wenige Meter entfernt sind.<\/p>\n<p>Die Erosion des Pettorina-Baches, der diese Schlucht entlangflie\u00dft und sich \u00fcber Jahrmillionen gebildet hat, hat dazu gef\u00fchrt, dass das Wasser die Felsen geformt hat, die Risse und H\u00f6hlen an den Felsw\u00e4nden bilden.<\/p>\n<p>Die Sommerperiode verwandelt diesen Ort in eine frische und entspannende Umgebung, die Sie zu Fu\u00df vom gleichnamigen Dorf Sottoguda (1252 m) aus genie\u00dfen k\u00f6nnen.<\/p>\n<\/div>\n<\/div>\n<p>[\/vc_column_text][vc_empty_space height=&#8220;30&#8243;][vc_btn title=&#8220;Leggi tutto&#8220; color=&#8220;mulled-wine&#8220; align=&#8220;right&#8220; link=&#8220;url:https%3A%2F%2Fwww.hotelauroramarmolada.it%2Fserrai-di-sottoguda%2F|title:Ristorante||&#8220;][\/qode_elements_holder_item][qode_elements_holder_item advanced_animations=&#8220;no&#8220;][vc_single_image image=&#8220;26404&#8243; img_size=&#8220;full&#8220; onclick=&#8220;custom_link&#8220; qode_css_animation=&#8220;&#8220; link=&#8220;https:\/\/www.hotelauroramarmolada.it\/serrai-di-sottoguda\/&#8220;][\/qode_elements_holder_item][\/qode_elements_holder][vc_separator type=&#8220;normal&#8220; thickness=&#8220;1&#8243; up=&#8220;38&#8243; down=&#8220;50&#8243;][qode_elements_holder number_of_columns=&#8220;two_columns&#8220; columns_proportion=&#8220;33_66&#8243;][qode_elements_holder_item advanced_animations=&#8220;no&#8220;][vc_single_image image=&#8220;22443&#8243; img_size=&#8220;807&#215;633&#8243; alignment=&#8220;center&#8220; onclick=&#8220;custom_link&#8220; qode_css_animation=&#8220;&#8220; link=&#8220;https:\/\/www.hotelauroramarmolada.it\/bramezza-il-paese-degli-ottomani\/&#8220;][\/qode_elements_holder_item][qode_elements_holder_item advanced_animations=&#8220;no&#8220; item_padding=&#8220;0px 15px 0px 15px&#8220;][vc_column_text]<\/p>\n<h2>DAS LAND DER OSMANEN<\/h2>\n<p>[\/vc_column_text][vc_empty_space height=&#8220;40px&#8220;][vc_column_text]Der Weg nach Bramezza f\u00fchrt uns zu einem der Orte mit den einzigartigsten Merkmalen unseres Tals.\u00a0<span class=\"\">Es ist ein kleiner Teil der Gemeinde Rocca Pietore, nur zu Fu\u00df erreichbar, eine Handvoll H\u00e4user, in denen einige sehr alte Geb\u00e4ude besondere Schornsteine \u200b\u200baufweisen, die an den osmanischen Stil zu erinnern scheinen.<\/span><\/p>\n<p>Nach der \u00dcberlieferung h\u00e4tte die Serenissima-Republik wahrscheinlich nach der Schlacht von Lepanto (1571) eine Reihe t\u00fcrkischer Kriegsgefangener an den heutigen Agordino \u00fcbergeben, um sie in der Mine arbeiten zu lassen.[\/vc_column_text][vc_empty_space height=&#8220;30&#8243;][vc_btn title=&#8220;Leggi tutto&#8220; color=&#8220;mulled-wine&#8220; link=&#8220;url:https%3A%2F%2Fwww.hotelauroramarmolada.it%2Fbramezza-il-paese-degli-ottomani%2F|title:Ristorante||&#8220;][\/qode_elements_holder_item][\/qode_elements_holder][\/vc_column][\/vc_row][vc_row css_animation=&#8220;&#8220; row_type=&#8220;row&#8220; use_row_as_full_screen_section=&#8220;no&#8220; type=&#8220;full_width&#8220; angled_section=&#8220;no&#8220; text_align=&#8220;left&#8220; background_image_as_pattern=&#8220;without_pattern&#8220;][vc_column][vc_empty_space height=&#8220;60&#8243;][\/vc_column][\/vc_row]<\/p>\n<\/div>","protected":false},"excerpt":{"rendered":"<p>[vc_row css_animation=&#8220;&#8220; row_type=&#8220;row&#8220; use_row_as_full_screen_section=&#8220;no&#8220; type=&#8220;grid&#8220; angled_section=&#8220;no&#8220; text_align=&#8220;left&#8220; background_image_as_pattern=&#8220;without_pattern&#8220; z_index=&#8220;&#8220;][vc_column][vc_column_text]Die Dolomiten sind Orte, an denen Sie in die Natur der Berge eintauchen k\u00f6nnen&#8230;.<\/p>\n","protected":false},"author":1,"featured_media":26239,"parent":0,"menu_order":0,"comment_status":"closed","ping_status":"closed","template":"full_width.php","meta":{"_acf_changed":false,"_monsterinsights_skip_tracking":false,"_monsterinsights_sitenote_active":false,"_monsterinsights_sitenote_note":"","_monsterinsights_sitenote_category":0,"footnotes":""},"class_list":["post-26387","page","type-page","status-publish","has-post-thumbnail","hentry"],"acf":[],"_links":{"self":[{"href":"https:\/\/hotelauroramarmolada.it\/de\/wp-json\/wp\/v2\/pages\/26387","targetHints":{"allow":["GET"]}}],"collection":[{"href":"https:\/\/hotelauroramarmolada.it\/de\/wp-json\/wp\/v2\/pages"}],"about":[{"href":"https:\/\/hotelauroramarmolada.it\/de\/wp-json\/wp\/v2\/types\/page"}],"author":[{"embeddable":true,"href":"https:\/\/hotelauroramarmolada.it\/de\/wp-json\/wp\/v2\/users\/1"}],"replies":[{"embeddable":true,"href":"https:\/\/hotelauroramarmolada.it\/de\/wp-json\/wp\/v2\/comments?post=26387"}],"version-history":[{"count":8,"href":"https:\/\/hotelauroramarmolada.it\/de\/wp-json\/wp\/v2\/pages\/26387\/revisions"}],"predecessor-version":[{"id":26902,"href":"https:\/\/hotelauroramarmolada.it\/de\/wp-json\/wp\/v2\/pages\/26387\/revisions\/26902"}],"wp:featuredmedia":[{"embeddable":true,"href":"https:\/\/hotelauroramarmolada.it\/de\/wp-json\/wp\/v2\/media\/26239"}],"wp:attachment":[{"href":"https:\/\/hotelauroramarmolada.it\/de\/wp-json\/wp\/v2\/media?parent=26387"}],"curies":[{"name":"wp","href":"https:\/\/api.w.org\/{rel}","templated":true}]}}