{"id":23513,"date":"2017-12-11T09:42:19","date_gmt":"2017-12-11T08:42:19","guid":{"rendered":"https:\/\/www.hotelauroramarmolada.it\/pista-da-fondo-in-marmolada\/"},"modified":"2017-12-20T15:47:09","modified_gmt":"2017-12-20T14:47:09","slug":"langlaufski-in-marmolada","status":"publish","type":"page","link":"https:\/\/hotelauroramarmolada.it\/de\/langlaufski-in-marmolada\/","title":{"rendered":"Langlaufski in Marmolada"},"content":{"rendered":"<div class=\"wpb-content-wrapper\"><p>[vc_row css_animation=&#8220;&#8220; row_type=&#8220;row&#8220; use_row_as_full_screen_section=&#8220;no&#8220; type=&#8220;full_width&#8220; angled_section=&#8220;no&#8220; text_align=&#8220;left&#8220; background_image_as_pattern=&#8220;without_pattern&#8220;][vc_column][vc_column_text]F\u00fcr diejenigen, die Skilanglauf betreiben, bietet die Marmolada einige M\u00f6glichkeiten f\u00fcr Liebhaber dieses Sports. 3 Ringe unterschiedlicher Schwierigkeit in einer H\u00f6he von 1.450 m.s.l. sogar mit programmiertem Schnee.[\/vc_column_text][\/vc_column][\/vc_row][vc_row css_animation=&#8220;&#8220; row_type=&#8220;row&#8220; use_row_as_full_screen_section=&#8220;no&#8220; type=&#8220;full_width&#8220; angled_section=&#8220;no&#8220; text_align=&#8220;left&#8220; background_image_as_pattern=&#8220;without_pattern&#8220;][vc_column][vc_row_inner row_type=&#8220;row&#8220; type=&#8220;full_width&#8220; text_align=&#8220;left&#8220; css_animation=&#8220;&#8220;][vc_column_inner width=&#8220;5\/12&#8243;][vc_custom_heading text=&#8220;Ring der Murmeltiere 2,5 km&#8220; use_theme_fonts=&#8220;yes&#8220; css=&#8220;.vc_custom_1513780362805{padding-left: 32px !important;}&#8220;][vc_empty_space height=&#8220;20&#8243;][vc_gmaps link=&#8220;#E-8_JTNDaWZyYW1lJTIwc3JjJTNEJTIyaHR0cHMlM0ElMkYlMkZ3d3cuZ29vZ2xlLmNvbSUyRm1hcHMlMkZkJTJGdSUyRjAlMkZlbWJlZCUzRm1pZCUzRDE5UzkxckpJTlhKTXJVeVRNNkQtRGpoY2pwcVZla0pWViUyMiUyMHdpZHRoJTNEJTIyNjQwJTIyJTIwaGVpZ2h0JTNEJTIyNDgwJTIyJTNFJTNDJTJGaWZyYW1lJTNF&#8220; size=&#8220;300&#8243;][\/vc_column_inner][vc_column_inner width=&#8220;5\/12&#8243;][\/vc_column_inner][vc_column_inner width=&#8220;5\/12&#8243;][vc_empty_space height=&#8220;50&#8243;][vc_column_text]<\/p>\n<p style=\"text-align: left;\">Der Marmot Trail ist der kurze Ring der 3 Pisten von Malga Ciapela, 2,5 km lang und FISI genehmigt und mit programmiertem Schnee. Wie die anderen Tracks, die einen Track schlagen, k\u00f6nnen Sie mit <strong>klassischer<\/strong> Technik oder <strong>freier<\/strong> Technik skaten.<\/p>\n<p>[\/vc_column_text][vc_empty_space height=&#8220;50&#8243;][vc_column_text]<\/p>\n<p style=\"text-align: left;\">Schwierigkeitsgrad: <strong>EINFACH<\/strong><\/p>\n<p>[\/vc_column_text][\/vc_column_inner][\/vc_row_inner][vc_empty_space][\/vc_column][\/vc_row][vc_row css_animation=&#8220;&#8220; row_type=&#8220;row&#8220; use_row_as_full_screen_section=&#8220;no&#8220; type=&#8220;full_width&#8220; angled_section=&#8220;no&#8220; text_align=&#8220;left&#8220; background_image_as_pattern=&#8220;without_pattern&#8220;][vc_column][vc_row_inner row_type=&#8220;row&#8220; type=&#8220;full_width&#8220; text_align=&#8220;left&#8220; css_animation=&#8220;&#8220;][vc_column_inner width=&#8220;5\/12&#8243;][vc_custom_heading text=&#8220;Ring der Adler 5 km&#8220; use_theme_fonts=&#8220;yes&#8220; css=&#8220;.vc_custom_1513780630730{padding-left: 32px !important;}&#8220;][vc_empty_space height=&#8220;20&#8243;][vc_gmaps link=&#8220;#E-8_JTNDaWZyYW1lJTIwc3JjJTNEJTIyaHR0cHMlM0ElMkYlMkZ3d3cuZ29vZ2xlLmNvbSUyRm1hcHMlMkZkJTJGdSUyRjAlMkZlbWJlZCUzRm1pZCUzRDFxTUpIRWRxcTJVV0VaekExaW5PVjUxXzBlMWw0YzZhQSUyMiUyMHdpZHRoJTNEJTIyNjQwJTIyJTIwaGVpZ2h0JTNEJTIyNDgwJTIyJTNFJTNDJTJGaWZyYW1lJTNF&#8220; size=&#8220;300&#8243;][\/vc_column_inner][vc_column_inner width=&#8220;5\/12&#8243;][\/vc_column_inner][vc_column_inner width=&#8220;5\/12&#8243;][vc_empty_space height=&#8220;50&#8243;][vc_column_text]<\/p>\n<p style=\"text-align: left;\">Die Spur der Eagles ist ein 5 km Ring FISI und mit programmierter Beschneiung zugelassen. Wie die anderen Tracks wird auch ein Track geschlagen und kann sowohl mit <strong>klassischer<\/strong> Technik als auch mit <strong>freier<\/strong> Technik gespielt werden.<\/p>\n<p>[\/vc_column_text][vc_empty_space height=&#8220;50&#8243;][vc_column_text]<\/p>\n<p style=\"text-align: left;\">Schwierigkeit: <strong>MEDIEN<\/strong><\/p>\n<p>[\/vc_column_text][\/vc_column_inner][\/vc_row_inner][vc_empty_space][\/vc_column][\/vc_row][vc_row css_animation=&#8220;&#8220; row_type=&#8220;row&#8220; use_row_as_full_screen_section=&#8220;no&#8220; type=&#8220;full_width&#8220; angled_section=&#8220;no&#8220; text_align=&#8220;left&#8220; background_image_as_pattern=&#8220;without_pattern&#8220;][vc_column][vc_row_inner row_type=&#8220;row&#8220; type=&#8220;full_width&#8220; text_align=&#8220;left&#8220; css_animation=&#8220;&#8220;][vc_column_inner width=&#8220;5\/12&#8243;][vc_custom_heading text=&#8220;Ring des B\u00e4ren 7,5 km&#8220; use_theme_fonts=&#8220;yes&#8220; css=&#8220;.vc_custom_1513780844083{padding-left: 32px !important;}&#8220;][vc_empty_space height=&#8220;20&#8243;][vc_gmaps link=&#8220;#E-8_JTNDaWZyYW1lJTIwc3JjJTNEJTIyaHR0cHMlM0ElMkYlMkZ3d3cuZ29vZ2xlLmNvbSUyRm1hcHMlMkZkJTJGdSUyRjAlMkZlbWJlZCUzRm1pZCUzRDF1QkVnRXlLMFg4MWNfZkJyTlJjQXVTZ1o3QXhEOVpoWiUyMiUyMHdpZHRoJTNEJTIyNjQwJTIyJTIwaGVpZ2h0JTNEJTIyNDgwJTIyJTNFJTNDJTJGaWZyYW1lJTNF&#8220; size=&#8220;300&#8243;][\/vc_column_inner][vc_column_inner width=&#8220;5\/12&#8243;][\/vc_column_inner][vc_column_inner width=&#8220;5\/12&#8243;][vc_empty_space height=&#8220;50&#8243;][vc_column_text]Der Bear Track ist der l\u00e4ngste Ring, entwickelt f\u00fcr 7,5 km und umfasst die andere in einem bin\u00e4ren verfolgt. Sie skaten mit <strong>freier<\/strong> Technik.[\/vc_column_text][vc_empty_space height=&#8220;50&#8243;][vc_column_text]<\/p>\n<p style=\"text-align: left;\">Schwierigkeit: <strong>MEDIEN<\/strong><\/p>\n<p>[\/vc_column_text][\/vc_column_inner][\/vc_row_inner][vc_empty_space][\/vc_column][\/vc_row]<\/p>\n<\/div>","protected":false},"excerpt":{"rendered":"<p>[vc_row css_animation=&#8220;&#8220; row_type=&#8220;row&#8220; use_row_as_full_screen_section=&#8220;no&#8220; type=&#8220;full_width&#8220; angled_section=&#8220;no&#8220; text_align=&#8220;left&#8220; background_image_as_pattern=&#8220;without_pattern&#8220;][vc_column][vc_column_text]F\u00fcr diejenigen, die Skilanglauf betreiben, bietet die Marmolada einige M\u00f6glichkeiten f\u00fcr Liebhaber dieses Sports. 3&#8230;<\/p>\n","protected":false},"author":1,"featured_media":23453,"parent":0,"menu_order":16,"comment_status":"closed","ping_status":"closed","template":"","meta":{"_acf_changed":false,"_monsterinsights_skip_tracking":false,"_monsterinsights_sitenote_active":false,"_monsterinsights_sitenote_note":"","_monsterinsights_sitenote_category":0,"footnotes":""},"class_list":["post-23513","page","type-page","status-publish","has-post-thumbnail","hentry"],"acf":[],"_links":{"self":[{"href":"https:\/\/hotelauroramarmolada.it\/de\/wp-json\/wp\/v2\/pages\/23513","targetHints":{"allow":["GET"]}}],"collection":[{"href":"https:\/\/hotelauroramarmolada.it\/de\/wp-json\/wp\/v2\/pages"}],"about":[{"href":"https:\/\/hotelauroramarmolada.it\/de\/wp-json\/wp\/v2\/types\/page"}],"author":[{"embeddable":true,"href":"https:\/\/hotelauroramarmolada.it\/de\/wp-json\/wp\/v2\/users\/1"}],"replies":[{"embeddable":true,"href":"https:\/\/hotelauroramarmolada.it\/de\/wp-json\/wp\/v2\/comments?post=23513"}],"version-history":[{"count":4,"href":"https:\/\/hotelauroramarmolada.it\/de\/wp-json\/wp\/v2\/pages\/23513\/revisions"}],"predecessor-version":[{"id":23523,"href":"https:\/\/hotelauroramarmolada.it\/de\/wp-json\/wp\/v2\/pages\/23513\/revisions\/23523"}],"wp:featuredmedia":[{"embeddable":true,"href":"https:\/\/hotelauroramarmolada.it\/de\/wp-json\/wp\/v2\/media\/23453"}],"wp:attachment":[{"href":"https:\/\/hotelauroramarmolada.it\/de\/wp-json\/wp\/v2\/media?parent=23513"}],"curies":[{"name":"wp","href":"https:\/\/api.w.org\/{rel}","templated":true}]}}