{"id":22628,"date":"2015-12-18T21:20:28","date_gmt":"2015-12-18T20:20:28","guid":{"rendered":"https:\/\/www.hotelauroramarmolada.it\/aurora2017\/serrai-di-sottoguda\/"},"modified":"2019-12-16T16:24:32","modified_gmt":"2019-12-16T15:24:32","slug":"serrai-di-sottoguda","status":"publish","type":"page","link":"https:\/\/hotelauroramarmolada.it\/de\/serrai-di-sottoguda\/","title":{"rendered":"Serrai di Sottoguda"},"content":{"rendered":"<div class=\"wpb-content-wrapper\"><p>[vc_row css_animation=&#8220;&#8220; row_type=&#8220;row&#8220; use_row_as_full_screen_section=&#8220;no&#8220; type=&#8220;grid&#8220; angled_section=&#8220;no&#8220; text_align=&#8220;left&#8220; background_image_as_pattern=&#8220;without_pattern&#8220; z_index=&#8220;&#8220;][vc_column][vc_custom_heading text=&#8220;SERRAI DI SOTTOGUDA&#8220; font_container=&#8220;tag:h1|text_align:left|color:%23444444&#8243; use_theme_fonts=&#8220;yes&#8220; el_class=&#8220;text-h1&#8243;][vc_empty_space][vc_column_text]Der regionale Naturpark Serrai di Sottoguda oder \u201eSerai\u201c ist eines der sch\u00f6nsten Gebiete der Dolomiten, eine einige Kilometer lange Schlucht mit bis zu 400 Meter hohen W\u00e4nden, die in einigen Bereichen nur wenige Meter entfernt sind. Die Erosion des Baches Pettorina, der entlang dieser Schlucht flie\u00dft, die sich \u00fcber Millionen von Jahren gebildet hat, hat dazu gef\u00fchrt, dass sein Wasser die Felsen formt, die Risse und H\u00f6hlen an den Felsw\u00e4nden bilden.[\/vc_column_text][\/vc_column][\/vc_row][vc_row css_animation=&#8220;&#8220; row_type=&#8220;row&#8220; use_row_as_full_screen_section=&#8220;no&#8220; type=&#8220;full_width&#8220; angled_section=&#8220;no&#8220; text_align=&#8220;left&#8220; background_image_as_pattern=&#8220;without_pattern&#8220; z_index=&#8220;&#8220; side_padding=&#8220;4&#8243;][vc_column][vc_separator type=&#8220;normal&#8220; thickness=&#8220;1&#8243; up=&#8220;38&#8243; down=&#8220;50&#8243;][\/vc_column][\/vc_row][vc_row css_animation=&#8220;&#8220; row_type=&#8220;row&#8220; use_row_as_full_screen_section=&#8220;no&#8220; type=&#8220;full_width&#8220; angled_section=&#8220;no&#8220; text_align=&#8220;left&#8220; background_image_as_pattern=&#8220;without_pattern&#8220; z_index=&#8220;&#8220; side_padding=&#8220;10&#8243;][vc_column][qode_elements_holder number_of_columns=&#8220;two_columns&#8220;][qode_elements_holder_item vertical_alignment=&#8220;top&#8220; advanced_animations=&#8220;no&#8220; item_padding=&#8220;0px 15px 0px 15px&#8220;][vc_column_text]Die Sommerzeit verwandelt diesen Ort in eine k\u00fchle und entspannende Umgebung, die man bei Spazierg\u00e4ngen ab dem gleichnamigen Dorf Sottoguda (1252 m.\u00fc.M.) oder mit dem Fahrrad erkunden kann, aber mit diesem Verkehrsmittel nur bergauf. Unterwegs k\u00f6nnen Sie eine f\u00fcr diesen Ort typische Pflanzen- und Blumenflora bewundern, die Kirche St. Antonius besuchen, die Statue der Madonna in einer nat\u00fcrlichen H\u00f6hle entdecken. Dies ist auch eine faszinierende Route f\u00fcr Kinder, die unterwegs die Legenden lesen und lernen k\u00f6nnen, die an diesen Orten schon immer erz\u00e4hlt wurden.[\/vc_column_text][\/qode_elements_holder_item][qode_elements_holder_item vertical_alignment=&#8220;top&#8220; advanced_animations=&#8220;no&#8220;][vc_single_image image=&#8220;26404&#8243; img_size=&#8220;full&#8220; qode_css_animation=&#8220;&#8220;][\/qode_elements_holder_item][\/qode_elements_holder][vc_separator type=&#8220;normal&#8220; thickness=&#8220;1&#8243; up=&#8220;38&#8243; down=&#8220;50&#8243;][qode_elements_holder number_of_columns=&#8220;two_columns&#8220;][qode_elements_holder_item advanced_animations=&#8220;no&#8220; item_padding=&#8220;0px 15px 0px 15px&#8220;][vc_gmaps link=&#8220;#E-8_JTNDaWZyYW1lJTIwc3JjJTNEJTIyaHR0cHMlM0ElMkYlMkZ3d3cuZ29vZ2xlLmNvbSUyRm1hcHMlMkZlbWJlZCUzRnBiJTNEJTIxMW0yNSUyMTFtMTIlMjExbTMlMjExZDExMDAwLjczMzgyNjUwODg1MSUyMTJkMTEuOTE2MjQ1NjQwMTI2ODc4JTIxM2Q0Ni40MjUyNDMyMTU5ODMzJTIxMm0zJTIxMWYwJTIxMmYwJTIxM2YwJTIxM20yJTIxMWkxMDI0JTIxMmk3NjglMjE0ZjEzLjElMjE0bTEwJTIxM2UyJTIxNG00JTIxMXMweDQ3Nzg0NWRjOTAyNDI0NzElMjUzQTB4OTI5MzY1Y2EyN2JmNjJlMSUyMTNtMiUyMTFkNDYuNDI0NzM1OTk5OTk5OTk2JTIxMmQxMS45MzM5NDY1JTIxNG0zJTIxM20yJTIxMWQ0Ni40MjY0NTIxJTIxMmQxMS45MTQ3MjI5JTIxNWUwJTIxM20yJTIxMXNpdCUyMTJzaXQlMjE0djE1NzY1MDA3OTU2MTUlMjE1bTIlMjExc2l0JTIxMnNpdCUyMiUyMHdpZHRoJTNEJTIyNjAwJTIyJTIwaGVpZ2h0JTNEJTIyNDUwJTIyJTIwZnJhbWVib3JkZXIlM0QlMjIwJTIyJTIwc3R5bGUlM0QlMjJib3JkZXIlM0EwJTNCJTIyJTIwYWxsb3dmdWxsc2NyZWVuJTNEJTIyJTIyJTNFJTNDJTJGaWZyYW1lJTNF&#8220; size=&#8220;350&#8243;][\/qode_elements_holder_item][qode_elements_holder_item vertical_alignment=&#8220;top&#8220; advanced_animations=&#8220;no&#8220;][vc_column_text]Die Wanderung kann in beide Richtungen erfolgen, die Abfahrt von Sottoguda beginnt an einem kleinen Parkplatz mit begrenzten Pl\u00e4tzen am Dorfrand, andere Parkpl\u00e4tze stehen im Zentrum zur Verf\u00fcgung, ansonsten k\u00f6nnen Sie von der Malga Ciapela (1.450 m \u00fc. M.) aus die gro\u00dfen Parkpl\u00e4tze nutzen, um die Serrai nach Sottoguda hinunterzufahren.[\/vc_column_text][\/qode_elements_holder_item][\/qode_elements_holder][vc_separator type=&#8220;normal&#8220; thickness=&#8220;1&#8243; up=&#8220;38&#8243; down=&#8220;50&#8243;][qode_elements_holder number_of_columns=&#8220;two_columns&#8220;][qode_elements_holder_item vertical_alignment=&#8220;top&#8220; advanced_animations=&#8220;no&#8220; item_padding=&#8220;0px 15px 0px 15px&#8220;][vc_column_text]Die Breite der Schlucht (in der Geologie tiefe Schlucht) betr\u00e4gt nicht mehr als zehn Meter und entlang der W\u00e4nde flie\u00dfen B\u00e4che und Wasserf\u00e4lle wie die von Franzei, \u201eLa Pisa\u201c, die im Winter Eisw\u00e4nde bilden, die von Bergsteigern aus der ganzen Welt, die Eisklettern praktizieren, bekannt und besucht werden.[\/vc_column_text][\/qode_elements_holder_item][qode_elements_holder_item vertical_alignment=&#8220;top&#8220; advanced_animations=&#8220;no&#8220; item_padding=&#8220;in format 0px 15px 0px 15px&#8220;][vc_media_grid style=&#8220;lazy&#8220; items_per_page=&#8220;6&#8243; gap=&#8220;15&#8243; grid_id=&#8220;vc_gid:1576509783471-a0c5313b-1d9d-6&#8243; include=&#8220;17597,17594,17591,17585,17588,17677&#8243; css=&#8220;.vc_custom_1465418846182{margin-top: 30px !important;margin-bottom: 30px !important;}&#8220;][\/qode_elements_holder_item][\/qode_elements_holder][\/vc_column][\/vc_row][vc_row css_animation=&#8220;&#8220; row_type=&#8220;row&#8220; use_row_as_full_screen_section=&#8220;no&#8220; type=&#8220;full_width&#8220; angled_section=&#8220;no&#8220; text_align=&#8220;left&#8220; background_image_as_pattern=&#8220;without_pattern&#8220;][vc_column][vc_empty_space][\/vc_column][\/vc_row]<\/p>\n<\/div>","protected":false},"excerpt":{"rendered":"<p>[vc_row css_animation=&#8220;&#8220; row_type=&#8220;row&#8220; use_row_as_full_screen_section=&#8220;no&#8220; type=&#8220;grid&#8220; angled_section=&#8220;no&#8220; text_align=&#8220;left&#8220; background_image_as_pattern=&#8220;without_pattern&#8220; z_index=&#8220;&#8220;][vc_column][vc_custom_heading text=&#8220;SERRAI DI SOTTOGUDA&#8220; font_container=&#8220;tag:h1|text_align:left|color:%23444444&#8243; use_theme_fonts=&#8220;yes&#8220; el_class=&#8220;text-h1&#8243;][vc_empty_space][vc_column_text]Der regionale Naturpark Serrai di Sottoguda oder \u201eSerai\u201c&#8230;<\/p>\n","protected":false},"author":2,"featured_media":24562,"parent":0,"menu_order":13,"comment_status":"closed","ping_status":"closed","template":"","meta":{"_acf_changed":false,"_monsterinsights_skip_tracking":false,"_monsterinsights_sitenote_active":false,"_monsterinsights_sitenote_note":"","_monsterinsights_sitenote_category":0,"footnotes":""},"class_list":["post-22628","page","type-page","status-publish","has-post-thumbnail","hentry"],"acf":[],"_links":{"self":[{"href":"https:\/\/hotelauroramarmolada.it\/de\/wp-json\/wp\/v2\/pages\/22628","targetHints":{"allow":["GET"]}}],"collection":[{"href":"https:\/\/hotelauroramarmolada.it\/de\/wp-json\/wp\/v2\/pages"}],"about":[{"href":"https:\/\/hotelauroramarmolada.it\/de\/wp-json\/wp\/v2\/types\/page"}],"author":[{"embeddable":true,"href":"https:\/\/hotelauroramarmolada.it\/de\/wp-json\/wp\/v2\/users\/2"}],"replies":[{"embeddable":true,"href":"https:\/\/hotelauroramarmolada.it\/de\/wp-json\/wp\/v2\/comments?post=22628"}],"version-history":[{"count":10,"href":"https:\/\/hotelauroramarmolada.it\/de\/wp-json\/wp\/v2\/pages\/22628\/revisions"}],"predecessor-version":[{"id":26888,"href":"https:\/\/hotelauroramarmolada.it\/de\/wp-json\/wp\/v2\/pages\/22628\/revisions\/26888"}],"wp:featuredmedia":[{"embeddable":true,"href":"https:\/\/hotelauroramarmolada.it\/de\/wp-json\/wp\/v2\/media\/24562"}],"wp:attachment":[{"href":"https:\/\/hotelauroramarmolada.it\/de\/wp-json\/wp\/v2\/media?parent=22628"}],"curies":[{"name":"wp","href":"https:\/\/api.w.org\/{rel}","templated":true}]}}