{"id":22553,"date":"2015-11-11T14:43:34","date_gmt":"2015-11-11T13:43:34","guid":{"rendered":"https:\/\/www.hotelauroramarmolada.it\/aurora2017\/ristorante-marmolada\/"},"modified":"2025-04-13T17:17:50","modified_gmt":"2025-04-13T15:17:50","slug":"restaurant-marmolada","status":"publish","type":"page","link":"https:\/\/hotelauroramarmolada.it\/de\/restaurant-marmolada\/","title":{"rendered":"Restaurant"},"content":{"rendered":"<div class=\"wpb-content-wrapper\"><p>[vc_row css_animation=&#8220;&#8220; row_type=&#8220;row&#8220; use_row_as_full_screen_section=&#8220;no&#8220; type=&#8220;full_width&#8220; in_content_menu=&#8220;in_content_menu&#8220; content_menu_icon=&#8220;&#8220; angled_section=&#8220;no&#8220; text_align=&#8220;left&#8220; background_image_as_pattern=&#8220;without_pattern&#8220;][vc_column css=&#8220;.vc_custom_1477066026206{padding-top: 30px !important;padding-right: 30px !important;padding-bottom: 30px !important;padding-left: 30px !important;background-color: rgba(48,48,48,0.66) !important;*background-color: rgb(48,48,48) !important;}&#8220;][vc_custom_heading text=&#8220;Am Tisch mit unserer Nahrung&#8220; font_container=&#8220;tag:h1|font_size:26|text_align:left|color:%23eaeaea&#8220; google_fonts=&#8220;font_family:Raleway%3A100%2C200%2C300%2Cregular%2C500%2C600%2C700%2C800%2C900|font_style:600%20bold%20regular%3A600%3Anormal&#8220;][vc_column_text css=&#8220;.vc_custom_1450460264504{padding-top: 10px !important;padding-bottom: 20px !important;}&#8220;]<span style=\"color: #eaeaea;\">Die ladinischen Dolomitent\u00e4ler haben wie viele andere Alpent\u00e4ler die urspr\u00fcngliche gastronomische Kultur bewahrt: <strong>heimische Produkte<\/strong> h\u00f6her Qualit\u00e4t und <strong>reine Geschm\u00e4cke<\/strong> machen das kulinarische Angebot des Hotel Aurora reich an Gerichte der alten Tradition<\/span>[\/vc_column_text][vc_media_grid style=&#8220;pagination&#8220; items_per_page=&#8220;4&#8243; element_width=&#8220;3&#8243; gap=&#8220;30&#8243; arrows_design=&#8220;vc_arrow-icon-arrow_12_left&#8220; arrows_position=&#8220;outside&#8220; paging_design=&#8220;none&#8220; loop=&#8220;yes&#8220; item=&#8220;16226&#8243; css=&#8220;.vc_custom_1486009273595{margin-top: 10px !important;}&#8220; grid_id=&#8220;vc_gid:1744557024680-af632ce1-6705-5&#8243; include=&#8220;16788,16585,16779,16776&#8243;][vc_column_text css=&#8220;.vc_custom_1744557418427{margin-bottom: 30px !important;}&#8220;]<span style=\"color: #eaeaea;\">Im Restaurant des Hotels Aurora k\u00f6nnen Sie die typischen Aromen dieser T\u00e4ler einatmen und eine K\u00fcche genie\u00dfen, die von den jungen Eigent\u00fcmern pers\u00f6nlich betreut wird, denen auch die Auswahl der Rohstoffe anvertraut ist.<br \/>\nEine K\u00fcche, die t\u00e4glich mit frischen Saisonprodukten beliefert wird, wie zum Beispiel mit einer gro\u00dfen Vielfalt an Gem\u00fcse, das in klimatisch g\u00fcnstigen Zeiten aus den G\u00e4rten neben dem Hotel geerntet wird.<\/span>[\/vc_column_text][vc_row_inner row_type=&#8220;row&#8220; type=&#8220;full_width&#8220; text_align=&#8220;left&#8220; css_animation=&#8220;&#8220; css=&#8220;.vc_custom_1447773109240{margin-bottom: 30px !important;padding-top: 20px !important;}&#8220;][vc_column_inner][vc_custom_heading text=&#8220;Erste G\u00e4nge&#8220; font_container=&#8220;tag:h3|font_size:26|text_align:left|color:%23eaeaea&#8220; google_fonts=&#8220;font_family:Raleway%3A100%2C200%2C300%2Cregular%2C500%2C600%2C700%2C800%2C900|font_style:700%20bold%20regular%3A700%3Anormal&#8220; css=&#8220;.vc_custom_1449741396926{margin-bottom: 15px !important;}&#8220;][vc_media_grid style=&#8220;pagination&#8220; items_per_page=&#8220;4&#8243; element_width=&#8220;3&#8243; gap=&#8220;20&#8243; arrows_design=&#8220;vc_arrow-icon-arrow_12_left&#8220; arrows_position=&#8220;outside&#8220; paging_design=&#8220;none&#8220; loop=&#8220;yes&#8220; autoplay=&#8220;4&#8243; item=&#8220;16226&#8243; grid_id=&#8220;vc_gid:1744557024682-02eb9811-8cf3-2&#8243; include=&#8220;17660,22391,22389,22390&#8243;][vc_separator type=&#8220;transparent&#8220; up=&#8220;25&#8243; down=&#8220;25&#8243;][vc_custom_heading text=&#8220;Hauptgerichte&#8220; font_container=&#8220;tag:h3|font_size:26|text_align:left|color:%23eaeaea&#8220; google_fonts=&#8220;font_family:Raleway%3A100%2C200%2C300%2Cregular%2C500%2C600%2C700%2C800%2C900|font_style:700%20bold%20regular%3A700%3Anormal&#8220; css=&#8220;.vc_custom_1449741464363{margin-bottom: 15px !important;}&#8220;][\/vc_column_inner][\/vc_row_inner][vc_media_grid style=&#8220;pagination&#8220; items_per_page=&#8220;4&#8243; element_width=&#8220;3&#8243; gap=&#8220;20&#8243; arrows_design=&#8220;vc_arrow-icon-arrow_12_left&#8220; arrows_position=&#8220;outside&#8220; paging_design=&#8220;none&#8220; loop=&#8220;yes&#8220; item=&#8220;16226&#8243; grid_id=&#8220;vc_gid:1744557024683-87209cdd-b7ac-0&#8243; include=&#8220;16823,22394,22393,22392&#8243;][vc_separator type=&#8220;transparent&#8220; up=&#8220;25&#8243; down=&#8220;25&#8243;][vc_custom_heading text=&#8220;Geb\u00e4ck und Kuchen&#8220; font_container=&#8220;tag:h3|font_size:26|text_align:left|color:%23eaeaea&#8220; google_fonts=&#8220;font_family:Raleway%3A100%2C200%2C300%2Cregular%2C500%2C600%2C700%2C800%2C900|font_style:700%20bold%20regular%3A700%3Anormal&#8220; css=&#8220;.vc_custom_1449741635283{margin-bottom: 15px !important;}&#8220;][vc_media_grid style=&#8220;pagination&#8220; items_per_page=&#8220;4&#8243; element_width=&#8220;3&#8243; gap=&#8220;20&#8243; arrows_design=&#8220;vc_arrow-icon-arrow_12_left&#8220; arrows_position=&#8220;outside&#8220; paging_design=&#8220;none&#8220; loop=&#8220;yes&#8220; item=&#8220;16226&#8243; grid_id=&#8220;vc_gid:1744557024685-fadf3c21-0d49-5&#8243; include=&#8220;22395,22396,22397,22398&#8243;][\/vc_column][\/vc_row][vc_row css_animation=&#8220;&#8220; row_type=&#8220;row&#8220; use_row_as_full_screen_section=&#8220;no&#8220; type=&#8220;full_width&#8220; angled_section=&#8220;no&#8220; text_align=&#8220;left&#8220; background_image_as_pattern=&#8220;without_pattern&#8220;][vc_column][vc_empty_space][\/vc_column][\/vc_row]<\/p>\n<\/div>","protected":false},"excerpt":{"rendered":"<p>[vc_row css_animation=&#8220;&#8220; row_type=&#8220;row&#8220; use_row_as_full_screen_section=&#8220;no&#8220; type=&#8220;full_width&#8220; in_content_menu=&#8220;in_content_menu&#8220; content_menu_icon=&#8220;&#8220; angled_section=&#8220;no&#8220; text_align=&#8220;left&#8220; background_image_as_pattern=&#8220;without_pattern&#8220;][vc_column css=&#8220;.vc_custom_1477066026206{padding-top: 30px !important;padding-right: 30px !important;padding-bottom: 30px !important;padding-left: 30px !important;background-color: rgba(48,48,48,0.66) !important;*background-color: rgb(48,48,48)&#8230;<\/p>\n","protected":false},"author":1,"featured_media":16788,"parent":0,"menu_order":3,"comment_status":"closed","ping_status":"closed","template":"","meta":{"_acf_changed":false,"_monsterinsights_skip_tracking":false,"_monsterinsights_sitenote_active":false,"_monsterinsights_sitenote_note":"","_monsterinsights_sitenote_category":0,"footnotes":""},"class_list":["post-22553","page","type-page","status-publish","has-post-thumbnail","hentry"],"acf":[],"_links":{"self":[{"href":"https:\/\/hotelauroramarmolada.it\/de\/wp-json\/wp\/v2\/pages\/22553","targetHints":{"allow":["GET"]}}],"collection":[{"href":"https:\/\/hotelauroramarmolada.it\/de\/wp-json\/wp\/v2\/pages"}],"about":[{"href":"https:\/\/hotelauroramarmolada.it\/de\/wp-json\/wp\/v2\/types\/page"}],"author":[{"embeddable":true,"href":"https:\/\/hotelauroramarmolada.it\/de\/wp-json\/wp\/v2\/users\/1"}],"replies":[{"embeddable":true,"href":"https:\/\/hotelauroramarmolada.it\/de\/wp-json\/wp\/v2\/comments?post=22553"}],"version-history":[{"count":6,"href":"https:\/\/hotelauroramarmolada.it\/de\/wp-json\/wp\/v2\/pages\/22553\/revisions"}],"predecessor-version":[{"id":28208,"href":"https:\/\/hotelauroramarmolada.it\/de\/wp-json\/wp\/v2\/pages\/22553\/revisions\/28208"}],"wp:featuredmedia":[{"embeddable":true,"href":"https:\/\/hotelauroramarmolada.it\/de\/wp-json\/wp\/v2\/media\/16788"}],"wp:attachment":[{"href":"https:\/\/hotelauroramarmolada.it\/de\/wp-json\/wp\/v2\/media?parent=22553"}],"curies":[{"name":"wp","href":"https:\/\/api.w.org\/{rel}","templated":true}]}}