{"id":22487,"date":"2016-01-08T09:22:57","date_gmt":"2016-01-08T08:22:57","guid":{"rendered":"https:\/\/www.hotelauroramarmolada.it\/aurora2017\/nordic-ski-alleghe-rocca-pietore\/"},"modified":"2017-10-13T21:45:53","modified_gmt":"2017-10-13T19:45:53","slug":"langlaufloipe","status":"publish","type":"page","link":"https:\/\/hotelauroramarmolada.it\/de\/langlaufloipe\/","title":{"rendered":"Langlaufloipe"},"content":{"rendered":"<div class=\"wpb-content-wrapper\"><p>[vc_row css_animation=&#8220;&#8220; row_type=&#8220;row&#8220; use_row_as_full_screen_section=&#8220;no&#8220; type=&#8220;full_width&#8220; angled_section=&#8220;no&#8220; text_align=&#8220;left&#8220; background_image_as_pattern=&#8220;without_pattern&#8220; row_negative_margin=&#8220;disable_negative_margin&#8220;][vc_column width=&#8220;9\/12&#8243; offset=&#8220;vc_hidden-sm vc_hidden-xs&#8220;][vc_row_inner row_type=&#8220;row&#8220; type=&#8220;full_width&#8220; text_align=&#8220;left&#8220; css_animation=&#8220;&#8220;][vc_column_inner width=&#8220;1\/4&#8243;][vc_media_grid element_width=&#8220;12&#8243; grid_id=&#8220;vc_gid:1507905609724-7120d871-89db-5&#8243; include=&#8220;17526,17529,17523&#8243;][\/vc_column_inner][vc_column_inner width=&#8220;3\/4&#8243;][vc_column_text]Jeder kann die Freude am Langlauf auf der Langlaufloipe in ein paar Schritte bei unserem Hotel gebaut zu erleben. Die Strecke, zwischen Rocca Pietore und Alleghe auf halbem Weg erstreckt, und ist 8 km lang Gesamtrendite.<\/p>\n<p>&nbsp;<\/p>\n<p>Weg von den Warteschlangen an den Liften und Massen von Pisten, Langlaufen oder Schneeschuhwandern k\u00f6nnen Sie die Winterlandschaft in all seinen Charme sch\u00e4tzen und praktizieren eine Schneesport, die wir alle k\u00f6nnen ganz einfach probieren diese sonnigen Hang am Morgen und f\u00fcr den Nachtskilauf beleuchtet an.<\/p>\n<p>&nbsp;<\/p>\n<ul>\n<li><span id=\"result_box\" class=\"\" lang=\"de\" tabindex=\"-1\"><span class=\"hps\"><strong>Abfahrt<\/strong>:<\/span> <span class=\"hps\">200<\/span> <span class=\"hps\">Meter von unserem Hotel<\/span><\/span><\/li>\n<li><span id=\"result_box\" class=\"\" lang=\"de\" tabindex=\"-1\"><span class=\"hps\"><strong>Check-in<\/strong>:<\/span> Santa Maria Delle Grazie<\/span><\/li>\n<li><span id=\"result_box\" class=\"\" lang=\"de\" tabindex=\"-1\"><span class=\"hps\"><strong>Gesamtstrecke<\/strong>:<\/span> <span class=\"hps\">8 km<\/span> <span class=\"hps atn\">(<\/span><span class=\"\">hin und zur\u00fcck)<\/span><\/span><\/li>\n<li><span id=\"result_box\" class=\"\" lang=\"de\" tabindex=\"-1\"><span class=\"hps\"><strong>Ausstattung<\/strong>:<\/span> <span class=\"hps\">Langlaufskiern<\/span> <span class=\"hps\">oder Schneeschuhen<\/span><\/span><\/li>\n<li><span id=\"result_box\" class=\"\" lang=\"de\" tabindex=\"-1\"><strong><span class=\"hps\">Nachtbeleuchtung<\/span><\/strong><span class=\"\">:<\/span> Jawohl<\/span><\/li>\n<\/ul>\n<p>[\/vc_column_text][\/vc_column_inner][\/vc_row_inner][\/vc_column][vc_column width=&#8220;3\/12&#8243;][vc_raw_html css=&#8220;.vc_custom_1507905019259{border-top-width: 1px !important;border-right-width: 1px !important;border-bottom-width: 1px !important;border-left-width: 1px !important;padding-top: 10px !important;padding-right: 10px !important;padding-bottom: 10px !important;padding-left: 10px !important;border-left-style: solid !important;border-right-style: solid !important;border-top-style: solid !important;border-bottom-style: solid !important;}&#8220;]JTNDZGl2JTIwaWQlM0QlMjJmYi1yb290JTIyJTNFJTNDJTJGZGl2JTNFJTBBJTNDc2NyaXB0JTNFJTI4ZnVuY3Rpb24lMjhkJTJDJTIwcyUyQyUyMGlkJTI5JTIwJTdCJTBBJTIwJTIwdmFyJTIwanMlMkMlMjBmanMlMjAlM0QlMjBkLmdldEVsZW1lbnRzQnlUYWdOYW1lJTI4cyUyOSU1QjAlNUQlM0IlMEElMjAlMjBpZiUyMCUyOGQuZ2V0RWxlbWVudEJ5SWQlMjhpZCUyOSUyOSUyMHJldHVybiUzQiUwQSUyMCUyMGpzJTIwJTNEJTIwZC5jcmVhdGVFbGVtZW50JTI4cyUyOSUzQiUyMGpzLmlkJTIwJTNEJTIwaWQlM0IlMEElMjAlMjBqcy5zcmMlMjAlM0QlMjAlMjIlMkYlMkZjb25uZWN0LmZhY2Vib29rLm5ldCUyRml0X0lUJTJGc2RrLmpzJTIzeGZibWwlM0QxJTI2dmVyc2lvbiUzRHYyLjUlMjZhcHBJZCUzRDE2ODUyMjI3NjUwODYzNCUyMiUzQiUwQSUyMCUyMGZqcy5wYXJlbnROb2RlLmluc2VydEJlZm9yZSUyOGpzJTJDJTIwZmpzJTI5JTNCJTBBJTdEJTI4ZG9jdW1lbnQlMkMlMjAlMjdzY3JpcHQlMjclMkMlMjAlMjdmYWNlYm9vay1qc3NkayUyNyUyOSUyOSUzQiUzQyUyRnNjcmlwdCUzRSUwQSUwQSUzQ2RpdiUyMGNsYXNzJTNEJTIyZmItcGFnZSUyMiUyMGRhdGEtaHJlZiUzRCUyMmh0dHBzJTNBJTJGJTJGd3d3LmZhY2Vib29rLmNvbSUyRmhvdGVsYXVyb3JhbWFybW9sYWRhJTIyJTIwZGF0YS1oZWlnaHQlM0QlMjI1MDAlMjIlMjBkYXRhLXNtYWxsLWhlYWRlciUzRCUyMnRydWUlMjIlMjBkYXRhLWFkYXB0LWNvbnRhaW5lci13aWR0aCUzRCUyMnRydWUlMjIlMjBkYXRhLWhpZGUtY292ZXIlM0QlMjJmYWxzZSUyMiUyMGRhdGEtc2hvdy1mYWNlcGlsZSUzRCUyMnRydWUlMjIlMjBkYXRhLXNob3ctcG9zdHMlM0QlMjJ0cnVlJTIyJTNFJTNDZGl2JTIwY2xhc3MlM0QlMjJmYi14ZmJtbC1wYXJzZS1pZ25vcmUlMjIlM0UlM0NibG9ja3F1b3RlJTIwY2l0ZSUzRCUyMmh0dHBzJTNBJTJGJTJGd3d3LmZhY2Vib29rLmNvbSUyRmhvdGVsYXVyb3JhbWFybW9sYWRhJTIyJTNFJTNDYSUyMGhyZWYlM0QlMjJodHRwcyUzQSUyRiUyRnd3dy5mYWNlYm9vay5jb20lMkZob3RlbGF1cm9yYW1hcm1vbGFkYSUyMiUzRUhvdGVsJTIwQXVyb3JhJTIwTWFybW9sYWRhJTNDJTJGYSUzRSUzQyUyRmJsb2NrcXVvdGUlM0UlM0MlMkZkaXYlM0UlM0MlMkZkaXYlM0U=[\/vc_raw_html][\/vc_column][\/vc_row][vc_row css_animation=&#8220;&#8220; row_type=&#8220;row&#8220; use_row_as_full_screen_section=&#8220;no&#8220; type=&#8220;grid&#8220; angled_section=&#8220;no&#8220; text_align=&#8220;left&#8220; background_image_as_pattern=&#8220;without_pattern&#8220;][vc_column width=&#8220;2\/3&#8243;][vc_empty_space height=&#8220;50px&#8220;][vc_custom_heading text=&#8220;Urlaub Angebote&#8220; font_container=&#8220;tag:p|font_size:24|text_align:left&#8220; google_fonts=&#8220;font_family:Raleway%3A100%2C200%2C300%2Cregular%2C500%2C600%2C700%2C800%2C900|font_style:700%20bold%20regular%3A700%3Anormal&#8220; css=&#8220;.vc_custom_1507643252151{margin-right: 15px !important;border-top-width: 1px !important;border-right-width: 1px !important;border-bottom-width: 1px !important;border-left-width: 1px !important;padding-top: 10px !important;padding-bottom: 10px !important;padding-left: 15px !important;border-left-color: #c9c9c9 !important;border-left-style: solid !important;border-right-color: #c9c9c9 !important;border-right-style: solid !important;border-top-color: #c9c9c9 !important;border-top-style: solid !important;border-bottom-color: #c9c9c9 !important;border-bottom-style: solid !important;}&#8220;][vc_empty_space height=&#8220;20px&#8220;][vc_basic_grid post_type=&#8220;post&#8220; max_items=&#8220;9&#8243; style=&#8220;pagination&#8220; items_per_page=&#8220;5&#8243; element_width=&#8220;6&#8243; loop=&#8220;yes&#8220; item=&#8220;16024&#8243; grid_id=&#8220;vc_gid:1507905609728-b669d4c7-c3f6-6&#8243; paging_animation_in=&#8220;fadeIn&#8220; paging_animation_out=&#8220;fadeOut&#8220; css=&#8220;.vc_custom_1507905678663{margin-right: 15px !important;}&#8220; taxonomies=&#8220;3&#8243;][\/vc_column][vc_column width=&#8220;1\/3&#8243;][vc_empty_space height=&#8220;50px&#8220;][vc_custom_heading text=&#8220;Geschehen&#8220; font_container=&#8220;tag:p|font_size:24|text_align:left&#8220; google_fonts=&#8220;font_family:Raleway%3A100%2C200%2C300%2Cregular%2C500%2C600%2C700%2C800%2C900|font_style:700%20bold%20regular%3A700%3Anormal&#8220; css=&#8220;.vc_custom_1507644477829{margin-right: 15px !important;border-top-width: 1px !important;border-right-width: 1px !important;border-bottom-width: 1px !important;border-left-width: 1px !important;padding-top: 10px !important;padding-bottom: 10px !important;padding-left: 15px !important;border-left-color: #c9c9c9 !important;border-left-style: solid !important;border-right-color: #c9c9c9 !important;border-right-style: solid !important;border-top-color: #c9c9c9 !important;border-top-style: solid !important;border-bottom-color: #c9c9c9 !important;border-bottom-style: solid !important;}&#8220;][vc_empty_space height=&#8220;20px&#8220;][vc_basic_grid post_type=&#8220;post&#8220; max_items=&#8220;10&#8243; style=&#8220;pagination&#8220; items_per_page=&#8220;2&#8243; element_width=&#8220;12&#8243; loop=&#8220;yes&#8220; autoplay=&#8220;3&#8243; item=&#8220;19017&#8243; grid_id=&#8220;vc_gid:1507905609729-10a49a04-a9e3-8&#8243; paging_animation_in=&#8220;fadeIn&#8220; paging_animation_out=&#8220;fadeOut&#8220; css=&#8220;.vc_custom_1507640182975{margin-right: 15px !important;}&#8220; taxonomies=&#8220;6&#8243;][\/vc_column][\/vc_row]<\/p>\n<\/div>","protected":false},"excerpt":{"rendered":"<p>[vc_row css_animation=&#8220;&#8220; row_type=&#8220;row&#8220; use_row_as_full_screen_section=&#8220;no&#8220; type=&#8220;full_width&#8220; angled_section=&#8220;no&#8220; text_align=&#8220;left&#8220; background_image_as_pattern=&#8220;without_pattern&#8220; row_negative_margin=&#8220;disable_negative_margin&#8220;][vc_column width=&#8220;9\/12&#8243; offset=&#8220;vc_hidden-sm vc_hidden-xs&#8220;][vc_row_inner row_type=&#8220;row&#8220; type=&#8220;full_width&#8220; text_align=&#8220;left&#8220; css_animation=&#8220;&#8220;][vc_column_inner width=&#8220;1\/4&#8243;][vc_media_grid element_width=&#8220;12&#8243; grid_id=&#8220;vc_gid:1507905609724-7120d871-89db-5&#8243; include=&#8220;17526,17529,17523&#8243;][\/vc_column_inner][vc_column_inner width=&#8220;3\/4&#8243;][vc_column_text]Jeder kann&#8230;<\/p>\n","protected":false},"author":2,"featured_media":24538,"parent":0,"menu_order":16,"comment_status":"closed","ping_status":"closed","template":"","meta":{"_acf_changed":false,"_monsterinsights_skip_tracking":false,"_monsterinsights_sitenote_active":false,"_monsterinsights_sitenote_note":"","_monsterinsights_sitenote_category":0,"footnotes":""},"class_list":["post-22487","page","type-page","status-publish","has-post-thumbnail","hentry"],"acf":[],"_links":{"self":[{"href":"https:\/\/hotelauroramarmolada.it\/de\/wp-json\/wp\/v2\/pages\/22487","targetHints":{"allow":["GET"]}}],"collection":[{"href":"https:\/\/hotelauroramarmolada.it\/de\/wp-json\/wp\/v2\/pages"}],"about":[{"href":"https:\/\/hotelauroramarmolada.it\/de\/wp-json\/wp\/v2\/types\/page"}],"author":[{"embeddable":true,"href":"https:\/\/hotelauroramarmolada.it\/de\/wp-json\/wp\/v2\/users\/2"}],"replies":[{"embeddable":true,"href":"https:\/\/hotelauroramarmolada.it\/de\/wp-json\/wp\/v2\/comments?post=22487"}],"version-history":[{"count":4,"href":"https:\/\/hotelauroramarmolada.it\/de\/wp-json\/wp\/v2\/pages\/22487\/revisions"}],"predecessor-version":[{"id":23165,"href":"https:\/\/hotelauroramarmolada.it\/de\/wp-json\/wp\/v2\/pages\/22487\/revisions\/23165"}],"wp:featuredmedia":[{"embeddable":true,"href":"https:\/\/hotelauroramarmolada.it\/de\/wp-json\/wp\/v2\/media\/24538"}],"wp:attachment":[{"href":"https:\/\/hotelauroramarmolada.it\/de\/wp-json\/wp\/v2\/media?parent=22487"}],"curies":[{"name":"wp","href":"https:\/\/api.w.org\/{rel}","templated":true}]}}