{"id":22477,"date":"2016-10-01T11:53:08","date_gmt":"2016-10-01T09:53:08","guid":{"rendered":"https:\/\/www.hotelauroramarmolada.it\/aurora2017\/pagina-di-esempio-2\/"},"modified":"2025-04-14T17:15:10","modified_gmt":"2025-04-14T15:15:10","slug":"hotel-aurora-marmolada","status":"publish","type":"page","link":"https:\/\/hotelauroramarmolada.it\/de\/","title":{"rendered":"Hotel Aurora Marmolada"},"content":{"rendered":"<div class=\"wpb-content-wrapper\"><p>[vc_row css_animation=&#8220;&#8220; row_type=&#8220;row&#8220; use_row_as_full_screen_section=&#8220;no&#8220; type=&#8220;full_width&#8220; angled_section=&#8220;no&#8220; text_align=&#8220;left&#8220; background_image_as_pattern=&#8220;without_pattern&#8220;][vc_column][layerslider_vc id=&#8220;1&#8243;][\/vc_column][\/vc_row][vc_row css_animation=&#8220;&#8220; row_type=&#8220;row&#8220; use_row_as_full_screen_section=&#8220;no&#8220; type=&#8220;grid&#8220; angled_section=&#8220;no&#8220; text_align=&#8220;center&#8220; background_image_as_pattern=&#8220;without_pattern&#8220; z_index=&#8220;&#8220; css=&#8220;.vc_custom_1559896092580{padding-top: 72px !important;padding-bottom: 44px !important;background-color: #ffffff !important;}&#8220;][vc_column width=&#8220;5\/6&#8243; offset=&#8220;vc_col-sm-offset-1&#8243;][vc_column_text]<\/p>\n<h1>W\u00e4hlen Sie Ihren Urlaub in den Dolomiten aus<\/h1>\n<p>[\/vc_column_text][vc_empty_space height=&#8220;16&#8243;][vc_column_text]<\/p>\n<h3>Viele M\u00f6glichkeiten, ein paar Tage in den Bergen zwischen Natur, gutem Essen und sch\u00f6nen Sonnentagen zu genie\u00dfen.<\/h3>\n<p>[\/vc_column_text][\/vc_column][\/vc_row][vc_row css_animation=&#8220;&#8220; row_type=&#8220;row&#8220; use_row_as_full_screen_section=&#8220;no&#8220; type=&#8220;full_width&#8220; angled_section=&#8220;no&#8220; text_align=&#8220;left&#8220; background_image_as_pattern=&#8220;without_pattern&#8220;][vc_column][qode_elements_holder number_of_columns=&#8220;two_columns&#8220;][qode_elements_holder_item cover=&#8220;yes&#8220; vertical_alignment=&#8220;middle&#8220; horizontal_alignment=&#8220;center&#8220; advanced_animations=&#8220;no&#8220; item_padding=&#8220;107px 54px 125px 148px&#8220; item_padding_600_768=&#8220;30% 0 30% 0&#8243; item_padding_480_600=&#8220;30% 0 30% 0&#8243; item_padding_480=&#8220;30% 0 30% 0&#8243; background_image=&#8220;26237&#8243;][vc_empty_space height=&#8220;30&#8243;][vc_empty_space height=&#8220;30&#8243;][\/qode_elements_holder_item][qode_elements_holder_item vertical_alignment=&#8220;top&#8220; advanced_animations=&#8220;no&#8220; background_color=&#8220;#ffffff&#8220; item_padding=&#8220;127px 54px 155px 148px&#8220; item_padding_1280_1440=&#8220;107px 54px 107px 50px&#8220; item_padding_768_1024=&#8220;121px 30px 121px 30px&#8220; item_padding_600_768=&#8220;121px 60px 121px 60px&#8220; item_padding_480_600=&#8220;45px 30px 80px 25px&#8220; item_padding_480=&#8220;45px 30px 80px 25px&#8220;][vc_column_text]<\/p>\n<h2>Spazierg\u00e4nge und Ausfl\u00fcge<\/h2>\n<p>[\/vc_column_text][vc_empty_space height=&#8220;20px&#8220;][vc_column_text]<\/p>\n<div id=\"idTextPanel\" class=\"jqDnR\">\n<p>Die Dolomiten sind Orte, an denen das Eintauchen in die Bergnatur eine Reise durch die vielen Traditionen der T\u00e4ler bedeutet, die seit der Antike besiedelt sind. Es bedeutet auch, die j\u00fcngste Geschichte unseres Landes Italien durchzugehen.<\/p>\n<p>Es gibt Sport- und Freizeitaktivit\u00e4ten f\u00fcr alle Niveaus, von erholsamen Spazierg\u00e4ngen in einer einzigartigen Natur, \u00fcber Trekking f\u00fcr diejenigen, die einen Kontakt mit den Bergen suchen, bis hin zu Sport f\u00fcr Profikletterer.<\/p>\n<p>Pfade, Eisenbahnen, Felsw\u00e4nde durchqueren Orte von nat\u00fcrlichem und historischem Interesse und k\u00f6nnen die \u00dcberreste der Kriege zwischen diesen T\u00e4lern besuchen, die die Gipfel und P\u00e4sse dauerhaft markieren.<\/p>\n<\/div>\n<p>[\/vc_column_text][vc_empty_space height=&#8220;30&#8243;][vc_btn title=&#8220;Mehr erfahren&#8220; color=&#8220;green&#8220; css=&#8220;.vc_custom_1560023835348{margin-right: 15px !important;}&#8220; link=&#8220;url:https%3A%2F%2Fwww.hotelauroramarmolada.it%2Fde%2Freiserouten-und-ausfluege%2F|title:Itinerari%20ed%20Escursioni|target:%20_blank|&#8220;][vc_btn title=&#8220;Siehe Angebote&#8220; color=&#8220;danger&#8220; link=&#8220;url:%2Fde%2Fhotel-aurora-marmolada%2F%23angebote|title:Itinerari%20ed%20Escursioni||&#8220;][\/qode_elements_holder_item][\/qode_elements_holder][\/vc_column][\/vc_row][vc_row css_animation=&#8220;&#8220; row_type=&#8220;row&#8220; use_row_as_full_screen_section=&#8220;no&#8220; type=&#8220;full_width&#8220; angled_section=&#8220;no&#8220; text_align=&#8220;left&#8220; background_image_as_pattern=&#8220;without_pattern&#8220;][vc_column][qode_elements_holder number_of_columns=&#8220;two_columns&#8220;][qode_elements_holder_item vertical_alignment=&#8220;top&#8220; advanced_animations=&#8220;no&#8220; background_color=&#8220;#ffffff&#8220; item_padding=&#8220;127px 54px 155px 148px&#8220; item_padding_1280_1440=&#8220;107px 54px 107px 50px&#8220; item_padding_768_1024=&#8220;121px 30px 121px 30px&#8220; item_padding_600_768=&#8220;121px 60px 121px 60px&#8220; item_padding_480_600=&#8220;45px 30px 80px 25px&#8220; item_padding_480=&#8220;45px 30px 80px 25px&#8220;][vc_column_text]<\/p>\n<h2>Gastronomie<\/h2>\n<p>[\/vc_column_text][vc_empty_space height=&#8220;40px&#8220;][vc_column_text]<\/p>\n<div id=\"idTextPanel\" class=\"jqDnR\">\n<div id=\"idTextPanel\" class=\"jqDnR\">\n<p>Im Restaurant des Hotels Aurora k\u00f6nnen Sie die typischen Aromen dieser T\u00e4ler atmen, eine K\u00fcche, die von den Besitzern Iolanda und Gianni pers\u00f6nlich gepflegt wird, die mit der Auswahl der Rohstoffe betraut sind.<\/p>\n<p>Die K\u00fcche wird t\u00e4glich mit frischen saisonalen Produkten versorgt, wie z.B. der reichen Gem\u00fcsevielfalt, die in klimatisch g\u00fcnstigen Zeiten aus den Gem\u00fcseg\u00e4rten neben dem Hotel geerntet wird.<\/p>\n<\/div>\n<\/div>\n<p>[\/vc_column_text][vc_empty_space height=&#8220;30&#8243;][vc_btn title=&#8220;Entdecken Sie das Restaurant&#8220; color=&#8220;mulled-wine&#8220; css=&#8220;.vc_custom_1585130148768{margin-right: 15px !important;}&#8220; link=&#8220;url:https%3A%2F%2Fwww.hotelauroramarmolada.it%2Fde%2Frestaurant-marmolada%2F|title:Ristorante||&#8220;][vc_btn title=&#8220;Siehe Angebote&#8220; color=&#8220;danger&#8220; link=&#8220;url:%2Fde%2Fhotel-aurora-marmolada%2F%23angebote|title:Itinerari%20ed%20Escursioni||&#8220;][\/qode_elements_holder_item][qode_elements_holder_item cover=&#8220;yes&#8220; vertical_alignment=&#8220;top&#8220; horizontal_alignment=&#8220;center&#8220; advanced_animations=&#8220;no&#8220; background_image=&#8220;16788&#8243; item_padding=&#8220;107px 54px 125px 148px&#8220; item_padding_600_768=&#8220;30% 0 30% 0&#8243; item_padding_480_600=&#8220;30% 0 30% 0&#8243; item_padding_480=&#8220;30% 0 30% 0&#8243;][vc_empty_space height=&#8220;30&#8243;][vc_empty_space height=&#8220;30&#8243;][\/qode_elements_holder_item][\/qode_elements_holder][\/vc_column][\/vc_row][vc_row css_animation=&#8220;&#8220; row_type=&#8220;row&#8220; use_row_as_full_screen_section=&#8220;no&#8220; type=&#8220;full_width&#8220; angled_section=&#8220;no&#8220; text_align=&#8220;left&#8220; background_image_as_pattern=&#8220;without_pattern&#8220; z_index=&#8220;&#8220; css=&#8220;.vc_custom_1600082724997{border-top-width: 40px !important;border-bottom-width: 40px !important;padding-top: 50px !important;padding-bottom: 50px !important;background-color: #f7f7f7 !important;border-top-color: #e8e8e8 !important;border-top-style: solid !important;border-bottom-color: #e8e8e8 !important;border-bottom-style: solid !important;}&#8220; side_padding=&#8220;8&#8243;][vc_column][qode_elements_holder number_of_columns=&#8220;three_columns&#8220; three_columns_proportion=&#8220;50_25_25&#8243;][qode_elements_holder_item vertical_alignment=&#8220;top&#8220; horizontal_alignment=&#8220;center&#8220; advanced_animations=&#8220;no&#8220; item_padding_480=&#8220;30% 0 30% 0&#8243;][layerslider_vc id=&#8220;41&#8243;][\/qode_elements_holder_item][qode_elements_holder_item vertical_alignment=&#8220;top&#8220; horizontal_alignment=&#8220;center&#8220; advanced_animations=&#8220;no&#8220; item_padding_480=&#8220;70px 30px 0px 25px&#8220; item_padding=&#8220;0px 14% 0px 14%&#8220;][vc_single_image image=&#8220;27567&#8243; img_size=&#8220;full&#8220; qode_css_animation=&#8220;&#8220;][vc_empty_space height=&#8220;18&#8243;][vc_single_image image=&#8220;27564&#8243; img_size=&#8220;full&#8220; qode_css_animation=&#8220;&#8220;][\/qode_elements_holder_item][qode_elements_holder_item vertical_alignment=&#8220;top&#8220; advanced_animations=&#8220;no&#8220; background_color=&#8220;#ffffff&#8220; item_padding_1280_1440=&#8220;20px 15px 15px 20px&#8220; item_padding_1024_1280=&#8220;20px 15px 15px 20px&#8220; item_padding_600_768=&#8220;20px 10px 5px 20px&#8220; item_padding_480_600=&#8220;20px 30px 0px 25px&#8220; item_padding_480=&#8220;20px 15px 5px 20px&#8220; item_padding=&#8220;15px 20px 20px 10px&#8220; item_padding_768_1024=&#8220;20px 15px 15px 20px&#8220;][vc_column_text]<\/p>\n<h2><span style=\"font-size: 24px;\">Spielplatz<\/span><\/h2>\n<p>[\/vc_column_text][vc_empty_space height=&#8220;32&#8243;]<div class='q_icon_with_title tiny circle '><div class=\"icon_holder \" style=\" \"><span data-icon-type=\"circle\" class=\"qode_iwt_icon_holder fa-stack fa-lg  \" style=\"font-size: 31px;border-color: #f2f2f2;background-color: #f2f2f2\"><i class=\"qode_icon_font_awesome fa fa-pagelines qode_iwt_icon_element\" style=\"font-size: 24px;color: #fc634a\"><\/i><\/span><\/div><div class=\"icon_text_holder\" style=\"padding-left:84px;\"><div class=\"icon_text_inner\" style=\"\"><h4 class=\"icon_title\" style=\"\"><\/h4><p style=''>Eine gro\u00dfe Gr\u00fcnfl\u00e4che f\u00fcr Kinderspiele und B\u00e4nke, auf der Sie sitzen und Ihre Zeit verbringen k\u00f6nnen.<\/p><\/div><\/div><\/div>[\/qode_elements_holder_item][\/qode_elements_holder][\/vc_column][\/vc_row][vc_row css_animation=&#8220;&#8220; row_type=&#8220;row&#8220; use_row_as_full_screen_section=&#8220;no&#8220; type=&#8220;full_width&#8220; angled_section=&#8220;no&#8220; text_align=&#8220;left&#8220; background_image_as_pattern=&#8220;without_pattern&#8220; z_index=&#8220;&#8220;][vc_column][qode_elements_holder number_of_columns=&#8220;two_columns&#8220;][qode_elements_holder_item vertical_alignment=&#8220;middle&#8220; horizontal_alignment=&#8220;center&#8220; advanced_animations=&#8220;no&#8220; item_padding_600_768=&#8220;30% 0 30% 0&#8243; item_padding_480_600=&#8220;30% 0 30% 0&#8243; item_padding_480=&#8220;30% 0 30% 0&#8243;]<div class=\"qode-advanced-image-gallery  qode-aig-carousel-type qode-no-space   \">\n\t<div class=\"qode-aig-slider qode-owl-slider\" data-number-of-items=\"1\" data-enable-loop=\"yes\" data-enable-autoplay=\"yes\" data-slider-speed=\"5000\" data-slider-speed-animation=\"1000\" data-slider-padding=\"no\" data-enable-navigation=\"no\" data-enable-pagination=\"no\">\n\t\t\t\t\t<div class=\"qode-aig-image\">\n\t\t\t\t\t\t\t\t\t<img loading=\"lazy\" decoding=\"async\" src=\"https:\/\/hotelauroramarmolada.it\/wp-content\/uploads\/2019\/05\/bikers_passogiau_1920-1620x11280.jpg\" alt=\"\" width=\"1620\" height=\"11280\" \/>\t\t\t\t\t<span class=\"aig-gallery-hover\">\n\t\t\t\t\t\t\t\t\t\t\t<\/span>\n\t\t\t\t\t\t\t<\/div>\n\t\t\t\t\t\t\t\t<div class=\"qode-aig-image\">\n\t\t\t\t\t\t\t\t\t<img loading=\"lazy\" decoding=\"async\" src=\"https:\/\/hotelauroramarmolada.it\/wp-content\/uploads\/2019\/04\/ciclisti-biker-0216-038_021_130613-1620x11280.jpg\" alt=\"\" width=\"1620\" height=\"11280\" \/>\t\t\t\t\t<span class=\"aig-gallery-hover\">\n\t\t\t\t\t\t\t\t\t\t\t<\/span>\n\t\t\t\t\t\t\t<\/div>\n\t\t\t\t\t\t<\/div>\n<\/div>[\/qode_elements_holder_item][qode_elements_holder_item vertical_alignment=&#8220;top&#8220; advanced_animations=&#8220;no&#8220; background_color=&#8220;#ffffff&#8220; item_padding_1280_1440=&#8220;75px 23px 75px 44px&#8220; item_padding_1024_1280=&#8220;70px 23px 70px 40px&#8220; item_padding_600_768=&#8220;80px 54px 0 55px&#8220; item_padding_480_600=&#8220;70px 30px 0px 25px&#8220; item_padding_480=&#8220;70px 30px 0px 25px&#8220; item_padding=&#8220;107px 54px 125px 148px&#8220;][vc_column_text]<\/p>\n<h2>Fans der 2 R\u00e4der<\/h2>\n<p>[\/vc_column_text][vc_empty_space height=&#8220;40&#8243;]<div class='q_icon_with_title tiny circle '><div class=\"icon_holder \" style=\" \"><span data-icon-type=\"circle\" class=\"qode_iwt_icon_holder fa-stack fa-lg  \" style=\"font-size: 31px;border-color: #f2f2f2;background-color: #f2f2f2\"><i class=\"qode_icon_font_awesome fa fa-bicycle qode_iwt_icon_element\" style=\"font-size: 24px;color: #fc634a\"><\/i><\/span><\/div><div class=\"icon_text_holder\" style=\"padding-left:84px;\"><div class=\"icon_text_inner\" style=\"\"><h4 class=\"icon_title\" style=\"\">Radfahrer<\/h4><p style=''>Sind Sie auf der Suche nach einer Unterkunft f\u00fcr Ihr Fahrrad oder Motorrad? Bei uns finden Sie Freunde des 2-Rad-Fahrzeugs.<\/p><\/div><\/div><\/div>[vc_empty_space height=&#8220;16px&#8220;]<div class='q_icon_with_title tiny circle '><div class=\"icon_holder \" style=\" \"><span data-icon-type=\"circle\" class=\"qode_iwt_icon_holder fa-stack fa-lg  \" style=\"font-size: 31px;border-color: #f2f2f2;background-color: #f2f2f2\"><i class=\"qode_icon_font_awesome fa fa-motorcycle qode_iwt_icon_element\" style=\"font-size: 24px;color: #fc634a\"><\/i><\/span><\/div><div class=\"icon_text_holder\" style=\"padding-left:84px;\"><div class=\"icon_text_inner\" style=\"\"><h4 class=\"icon_title\" style=\"\">Motorradfahrer<\/h4><p style=''>Sie organisieren eine Motorradtour in den Dolomiten und suchen eine Unterkunft? Im Aurora Hotel sind Sie an der richtigen Adresse.<\/p><\/div><\/div><\/div>[vc_empty_space height=&#8220;30&#8243;][vc_btn title=&#8220;Mehr erfahren&#8220; color=&#8220;sky&#8220; css=&#8220;.vc_custom_1585129982563{margin-right: 15px !important;}&#8220; link=&#8220;url:https%3A%2F%2Fwww.hotelauroramarmolada.it%2Fde%2Fmotorrad-und-fahrradfahrer%2F|title:Itinerari%20ed%20Escursioni||&#8220;][vc_btn title=&#8220;Siehe Angebote&#8220; color=&#8220;danger&#8220; link=&#8220;url:%2Fde%2Fhotel-aurora-marmolada%2F%23angebote|title:Itinerari%20ed%20Escursioni||&#8220;][\/qode_elements_holder_item][\/qode_elements_holder][\/vc_column][\/vc_row][vc_row css_animation=&#8220;&#8220; row_type=&#8220;row&#8220; use_row_as_full_screen_section=&#8220;no&#8220; type=&#8220;full_width&#8220; angled_section=&#8220;no&#8220; text_align=&#8220;left&#8220; background_image_as_pattern=&#8220;without_pattern&#8220;][vc_column offset=&#8220;vc_hidden-lg vc_hidden-md vc_hidden-sm vc_hidden-xs&#8220;][qode_elements_holder number_of_columns=&#8220;two_columns&#8220;][qode_elements_holder_item vertical_alignment=&#8220;top&#8220; advanced_animations=&#8220;no&#8220; background_color=&#8220;#ffffff&#8220; item_padding=&#8220;127px 54px 155px 148px&#8220; item_padding_1280_1440=&#8220;107px 54px 107px 50px&#8220; item_padding_768_1024=&#8220;121px 30px 121px 30px&#8220; item_padding_600_768=&#8220;121px 60px 121px 60px&#8220; item_padding_480_600=&#8220;45px 30px 80px 25px&#8220; item_padding_480=&#8220;45px 30px 80px 25px&#8220;][vc_column_text]<\/p>\n<h2>Privates Museum des Ersten Weltkriegs<\/h2>\n<p>[\/vc_column_text][vc_empty_space height=&#8220;40px&#8220;][vc_column_text]<\/p>\n<div id=\"idTextPanel\" class=\"jqDnR\">\n<p>Das Hotel Aurora bietet seinen G\u00e4sten die M\u00f6glichkeit, kostenlos eine gro\u00dfe Sammlung von Artefakten aus dem Ersten Weltkrieg zu besuchen. Das Museum, das von der Hoteliersfamilie geh\u00f6rt, von Hunderten von Funden jedes Geschlechts: pers\u00f6nliche Gegenst\u00e4nde, Uniformen, Alltagsgegenst\u00e4nde , Briefe an Familien, Kriegsdokumente, milit\u00e4rische Objekte, die alle auf das t\u00e4gliche Leben der Soldaten w\u00e4hrend des Krieges bezeugen. Von der pers\u00f6nlichen Forschung an Orten wie dem Theater der Schlacht: Marmolada, Col di Lana und Falzarego.<\/p>\n<p>F\u00fcr Informationen kontaktieren Sie das Hotel unter der Telefonnummer +39 0437 721126 oder f\u00fcr E-Mail an info@hotelauroramarmolada.it<\/p>\n<\/div>\n<p>[\/vc_column_text][vc_empty_space height=&#8220;30&#8243;][vc_btn title=&#8220;Besuchen Sie das Museum&#8220; color=&#8220;inverse&#8220; link=&#8220;url:https%3A%2F%2Fwww.hotelauroramarmolada.it%2Fde%2Fmuseum-des-ersten-weltkriegs%2F|title:Ristorante||&#8220;][\/qode_elements_holder_item][qode_elements_holder_item cover=&#8220;yes&#8220; vertical_alignment=&#8220;middle&#8220; horizontal_alignment=&#8220;center&#8220; advanced_animations=&#8220;no&#8220; background_image=&#8220;19031&#8243; item_padding=&#8220;0 0 0 0&#8243; item_padding_600_768=&#8220;30% 0 30% 0&#8243; item_padding_480_600=&#8220;30% 0 30% 0&#8243; item_padding_480=&#8220;30% 0 30% 0&#8243;][vc_empty_space height=&#8220;30&#8243;][vc_empty_space height=&#8220;30&#8243;][\/qode_elements_holder_item][\/qode_elements_holder][\/vc_column][\/vc_row]<\/p>\n<\/div>","protected":false},"excerpt":{"rendered":"<p>[vc_row css_animation=&#8220;&#8220; row_type=&#8220;row&#8220; use_row_as_full_screen_section=&#8220;no&#8220; type=&#8220;full_width&#8220; angled_section=&#8220;no&#8220; text_align=&#8220;left&#8220; background_image_as_pattern=&#8220;without_pattern&#8220;][vc_column][layerslider_vc id=&#8220;1&#8243;][\/vc_column][\/vc_row][vc_row css_animation=&#8220;&#8220; row_type=&#8220;row&#8220; use_row_as_full_screen_section=&#8220;no&#8220; type=&#8220;grid&#8220; angled_section=&#8220;no&#8220; text_align=&#8220;center&#8220; background_image_as_pattern=&#8220;without_pattern&#8220; z_index=&#8220;&#8220; css=&#8220;.vc_custom_1559896092580{padding-top: 72px !important;padding-bottom: 44px !important;background-color:&#8230;<\/p>\n","protected":false},"author":2,"featured_media":0,"parent":0,"menu_order":0,"comment_status":"closed","ping_status":"closed","template":"full_width.php","meta":{"_acf_changed":false,"_monsterinsights_skip_tracking":false,"_monsterinsights_sitenote_active":false,"_monsterinsights_sitenote_note":"","_monsterinsights_sitenote_category":0,"footnotes":""},"class_list":["post-22477","page","type-page","status-publish","hentry"],"acf":[],"_links":{"self":[{"href":"https:\/\/hotelauroramarmolada.it\/de\/wp-json\/wp\/v2\/pages\/22477","targetHints":{"allow":["GET"]}}],"collection":[{"href":"https:\/\/hotelauroramarmolada.it\/de\/wp-json\/wp\/v2\/pages"}],"about":[{"href":"https:\/\/hotelauroramarmolada.it\/de\/wp-json\/wp\/v2\/types\/page"}],"author":[{"embeddable":true,"href":"https:\/\/hotelauroramarmolada.it\/de\/wp-json\/wp\/v2\/users\/2"}],"replies":[{"embeddable":true,"href":"https:\/\/hotelauroramarmolada.it\/de\/wp-json\/wp\/v2\/comments?post=22477"}],"version-history":[{"count":19,"href":"https:\/\/hotelauroramarmolada.it\/de\/wp-json\/wp\/v2\/pages\/22477\/revisions"}],"predecessor-version":[{"id":28239,"href":"https:\/\/hotelauroramarmolada.it\/de\/wp-json\/wp\/v2\/pages\/22477\/revisions\/28239"}],"wp:attachment":[{"href":"https:\/\/hotelauroramarmolada.it\/de\/wp-json\/wp\/v2\/media?parent=22477"}],"curies":[{"name":"wp","href":"https:\/\/api.w.org\/{rel}","templated":true}]}}