{"id":22434,"date":"2015-11-10T11:49:22","date_gmt":"2015-11-10T10:49:22","guid":{"rendered":"https:\/\/www.hotelauroramarmolada.it\/aurora2017\/camere\/"},"modified":"2025-04-13T17:23:31","modified_gmt":"2025-04-13T15:23:31","slug":"die-zimmer","status":"publish","type":"page","link":"https:\/\/hotelauroramarmolada.it\/de\/die-zimmer\/","title":{"rendered":"Die Zimmer"},"content":{"rendered":"<div class=\"wpb-content-wrapper\"><p>[vc_row css_animation=&#8220;&#8220; row_type=&#8220;row&#8220; use_row_as_full_screen_section=&#8220;no&#8220; type=&#8220;full_width&#8220; angled_section=&#8220;no&#8220; text_align=&#8220;left&#8220; background_image_as_pattern=&#8220;without_pattern&#8220;][vc_column][vc_row_inner row_type=&#8220;row&#8220; type=&#8220;full_width&#8220; text_align=&#8220;left&#8220; css_animation=&#8220;&#8220; css=&#8220;.vc_custom_1479394221968{padding-top: 5px !important;padding-left: 15px !important;background-color: rgba(48,48,48,0.66) !important;*background-color: rgb(48,48,48) !important;}&#8220;][vc_column_inner][vc_custom_heading text=&#8220;Zimmer&#8220; font_container=&#8220;tag:h1|font_size:26|text_align:left|color:%23eaeaea&#8220; google_fonts=&#8220;font_family:Raleway%3A100%2C200%2C300%2Cregular%2C500%2C600%2C700%2C800%2C900|font_style:600%20bold%20regular%3A600%3Anormal&#8220;][vc_column_text css=&#8220;.vc_custom_1477062294745{padding-top: 10px !important;padding-bottom: 20px !important;}&#8220;]<span style=\"color: #eaeaea;\">Die sehr bequemen 11 Zwei- oder Dreipersonenzimmer wurden neulich renoviert und verf\u00fcgen \u00fcber freie WiFi, eigenes Badzimmer, Sat-TV, Telefon, Safe und Haartrockner. Sie sind gut geeignet f\u00fcr Familien und auf Anfrage kann man auch ein Zusatzbett bekommen.<\/span>[\/vc_column_text][\/vc_column_inner][\/vc_row_inner][vc_row_inner row_type=&#8220;row&#8220; type=&#8220;full_width&#8220; text_align=&#8220;left&#8220; css_animation=&#8220;&#8220; css=&#8220;.vc_custom_1471942011308{background-color: #ffffff !important;}&#8220;][vc_column_inner width=&#8220;1\/2&#8243;][vc_custom_heading text=&#8220;Doppel standard&#8220; font_container=&#8220;tag:h3|text_align:left|color:%23cd093b&#8220; use_theme_fonts=&#8220;yes&#8220; css=&#8220;.vc_custom_1477062323325{padding-top: 15px !important;padding-bottom: 15px !important;padding-left: 10px !important;}&#8220;][vc_gallery type=&#8220;image_grid&#8220; images=&#8220;17231,17228,16695,16689&#8243; img_size=&#8220;large&#8220; column_number=&#8220;2&#8243; grayscale=&#8220;no&#8220; images_space=&#8220;gallery_with_space&#8220;][\/vc_column_inner][vc_column_inner width=&#8220;1\/2&#8243;][vc_custom_heading text=&#8220;Dreibettzimmer&#8220; font_container=&#8220;tag:h3|text_align:left|color:%23cd093b&#8220; use_theme_fonts=&#8220;yes&#8220; css=&#8220;.vc_custom_1477062367564{padding-top: 15px !important;padding-bottom: 15px !important;padding-left: 10px !important;}&#8220;][vc_gallery type=&#8220;image_grid&#8220; images=&#8220;16699,16702,16705,16711&#8243; img_size=&#8220;large&#8220; column_number=&#8220;2&#8243; grayscale=&#8220;no&#8220; images_space=&#8220;gallery_with_space&#8220;][\/vc_column_inner][\/vc_row_inner][vc_row_inner row_type=&#8220;row&#8220; type=&#8220;full_width&#8220; text_align=&#8220;left&#8220; css_animation=&#8220;&#8220; css=&#8220;.vc_custom_1449786757440{background-color: #ffffff !important;}&#8220;][vc_column_inner width=&#8220;1\/3&#8243;][vc_column_text css=&#8220;&#8220;]<\/p>\n<ul>\n<li>Kinder 0 &#8211; 3 Jahre kostenlos<\/li>\n<li>Kinder 3 &#8211; 6 Jahre -30%<\/li>\n<li>Kinder 7 &#8211; 12 -20%.<\/li>\n<\/ul>\n<p>[\/vc_column_text][\/vc_column_inner][vc_column_inner width=&#8220;1\/3&#8243;][vc_column_text css=&#8220;&#8220;]<\/p>\n<ul>\n<li>Erm\u00e4\u00dfigung f\u00fcr Zusatzbett &gt; 12 Jahre -10%<\/li>\n<li>Doppelzimmer als Einzelzimmer genutzt 30%<\/li>\n<\/ul>\n<p>[\/vc_column_text][\/vc_column_inner][vc_column_inner width=&#8220;1\/3&#8243;][vc_column_text css=&#8220;&#8220;]<\/p>\n<ul>\n<li>Lavanderia 8 euro<\/li>\n<li>Spese pulizia extra per animali 10 euro<\/li>\n<\/ul>\n<p>[\/vc_column_text][\/vc_column_inner][\/vc_row_inner][\/vc_column][\/vc_row][vc_row css_animation=&#8220;&#8220; row_type=&#8220;row&#8220; use_row_as_full_screen_section=&#8220;no&#8220; type=&#8220;full_width&#8220; angled_section=&#8220;no&#8220; text_align=&#8220;left&#8220; background_image_as_pattern=&#8220;without_pattern&#8220;][vc_column][vc_empty_space][\/vc_column][\/vc_row]<\/p>\n<\/div>","protected":false},"excerpt":{"rendered":"<p>[vc_row css_animation=&#8220;&#8220; row_type=&#8220;row&#8220; use_row_as_full_screen_section=&#8220;no&#8220; type=&#8220;full_width&#8220; angled_section=&#8220;no&#8220; text_align=&#8220;left&#8220; background_image_as_pattern=&#8220;without_pattern&#8220;][vc_column][vc_row_inner row_type=&#8220;row&#8220; type=&#8220;full_width&#8220; text_align=&#8220;left&#8220; css_animation=&#8220;&#8220; css=&#8220;.vc_custom_1479394221968{padding-top: 5px !important;padding-left: 15px !important;background-color: rgba(48,48,48,0.66) !important;*background-color: rgb(48,48,48) !important;}&#8220;][vc_column_inner][vc_custom_heading text=&#8220;Zimmer&#8220;&#8230;<\/p>\n","protected":false},"author":1,"featured_media":24510,"parent":0,"menu_order":2,"comment_status":"closed","ping_status":"closed","template":"","meta":{"_acf_changed":false,"_monsterinsights_skip_tracking":false,"_monsterinsights_sitenote_active":false,"_monsterinsights_sitenote_note":"","_monsterinsights_sitenote_category":0,"footnotes":""},"class_list":["post-22434","page","type-page","status-publish","has-post-thumbnail","hentry"],"acf":[],"_links":{"self":[{"href":"https:\/\/hotelauroramarmolada.it\/de\/wp-json\/wp\/v2\/pages\/22434","targetHints":{"allow":["GET"]}}],"collection":[{"href":"https:\/\/hotelauroramarmolada.it\/de\/wp-json\/wp\/v2\/pages"}],"about":[{"href":"https:\/\/hotelauroramarmolada.it\/de\/wp-json\/wp\/v2\/types\/page"}],"author":[{"embeddable":true,"href":"https:\/\/hotelauroramarmolada.it\/de\/wp-json\/wp\/v2\/users\/1"}],"replies":[{"embeddable":true,"href":"https:\/\/hotelauroramarmolada.it\/de\/wp-json\/wp\/v2\/comments?post=22434"}],"version-history":[{"count":7,"href":"https:\/\/hotelauroramarmolada.it\/de\/wp-json\/wp\/v2\/pages\/22434\/revisions"}],"predecessor-version":[{"id":28217,"href":"https:\/\/hotelauroramarmolada.it\/de\/wp-json\/wp\/v2\/pages\/22434\/revisions\/28217"}],"wp:featuredmedia":[{"embeddable":true,"href":"https:\/\/hotelauroramarmolada.it\/de\/wp-json\/wp\/v2\/media\/24510"}],"wp:attachment":[{"href":"https:\/\/hotelauroramarmolada.it\/de\/wp-json\/wp\/v2\/media?parent=22434"}],"curies":[{"name":"wp","href":"https:\/\/api.w.org\/{rel}","templated":true}]}}