{"id":22430,"date":"2017-08-13T23:04:43","date_gmt":"2017-08-13T21:04:43","guid":{"rendered":"https:\/\/www.hotelauroramarmolada.it\/aurora2017\/?page_id=22430"},"modified":"2025-04-13T17:23:23","modified_gmt":"2025-04-13T15:23:23","slug":"hotel","status":"publish","type":"page","link":"https:\/\/hotelauroramarmolada.it\/de\/hotel\/","title":{"rendered":"Hotel"},"content":{"rendered":"<div class=\"wpb-content-wrapper\"><p>[vc_row css_animation=&#8220;&#8220; row_type=&#8220;row&#8220; use_row_as_full_screen_section=&#8220;no&#8220; type=&#8220;full_width&#8220; angled_section=&#8220;no&#8220; text_align=&#8220;left&#8220; background_image_as_pattern=&#8220;without_pattern&#8220; row_negative_margin=&#8220;disable_negative_margin&#8220;][vc_column][vc_custom_heading text=&#8220;Willkommen im Hotel Aurora&#8220; use_theme_fonts=&#8220;yes&#8220; css=&#8220;.vc_custom_1502658148030{margin-bottom: 15px !important;}&#8220;][vc_separator type=&#8220;transparent&#8220;][vc_row_inner row_type=&#8220;row&#8220; type=&#8220;full_width&#8220; text_align=&#8220;left&#8220; css_animation=&#8220;&#8220;][vc_column_inner width=&#8220;5\/12&#8243;][vc_media_grid style=&#8220;pagination&#8220; items_per_page=&#8220;4&#8243; element_width=&#8220;6&#8243; paging_design=&#8220;none&#8220; loop=&#8220;yes&#8220; autoplay=&#8220;4&#8243; item=&#8220;19643&#8243; grid_id=&#8220;vc_gid:1744557613250-026725b5-da35-0&#8243; include=&#8220;20035,16585,16695,17219&#8243; paging_animation_in=&#8220;fadeIn&#8220; paging_animation_out=&#8220;fadeOut&#8220;][vc_separator type=&#8220;transparent&#8220;][\/vc_column_inner][vc_column_inner width=&#8220;7\/12&#8243;][vc_column_text css=&#8220;&#8220;]Das Hotel Aurora ist ein sch\u00f6nes und ruhiges familiengef\u00fchrtes 3-Sterne-Hotel mit 11 Zimmern. Ab Juni 2025 wird es eine neue Gesch\u00e4ftsf\u00fchrung geben, die versuchen wird, die langj\u00e4hrige gute Arbeit der Familie Pezz\u00e8 fortzusetzen. Nicht weit vom Zentrum von Alleghe und zwischen den Skigebieten <a href=\"https:\/\/hotelauroramarmolada.it\/ski-area-marmolada\/\">Marmolada <\/a>und <a href=\"https:\/\/hotelauroramarmolada.it\/ski-area-monte-civetta\/\">Monte Civetta <\/a>gelegen, ist das Hotel ein guter Ausgangspunkt sowohl im Sommer f\u00fcr alle Wanderfreunde, die eine wundersch\u00f6ne Natur entdecken werden, als auch im Winter f\u00fcr die Skiliebhaber, die von hier sehr schell die bekannten Skigebiete des <a href=\"https:\/\/hotelauroramarmolada.it\/ski-area-dolomiti-superski\/\">Dolomiti Superski <\/a>&#8211; Arabba, Marmolada und Monte Civetta \u2013 erreichen k\u00f6nnen.[\/vc_column_text][\/vc_column_inner][\/vc_row_inner][vc_separator type=&#8220;transparent&#8220;][vc_row_inner row_type=&#8220;row&#8220; type=&#8220;full_width&#8220; text_align=&#8220;left&#8220; css_animation=&#8220;&#8220;][vc_column_inner width=&#8220;2\/3&#8243;][vc_column_text]Seit ein Paar Jahren wurde das Haus renoviert und jetzt empf\u00e4ngt Familien, Paare oder Gruppen \u2013 Fahrrad- und Motorradfahrer, die aus der ganzen Welt ankommen, um die Dolomitengegend mit ihren P\u00e4ssen und Gipfeln zu besichtigen. Danke seiner Lage erlaubt das Hotel Aurora, die Dolomitenp\u00e4sse zu entdecken und lange Touren mit unverg\u00e4sslichen Panoramen zu geniessen.[\/vc_column_text][vc_separator type=&#8220;transparent&#8220;][vc_media_grid style=&#8220;pagination&#8220; items_per_page=&#8220;4&#8243; element_width=&#8220;3&#8243; gap=&#8220;10&#8243; item=&#8220;19643&#8243; grid_id=&#8220;vc_gid:1744557613252-9298bfd4-cb43-2&#8243; include=&#8220;20035,16585,20036,20034,18656,17171,17248,16788,16695,16588,17225,16993&#8243;][vc_column_text css=&#8220;&#8220;]Die K\u00fcche spiegelt den Geschmack typischer lokaler Gerichte wider, ohne die gro\u00dfen Klassiker der italienischen K\u00fcche zu vernachl\u00e4ssigen. und das gesamte Personal wird sein Bestes tun, um Sie in einer famili\u00e4ren Atmosph\u00e4re willkommen zu hei\u00dfen.<\/p>\n<p>Willkommen im Dolomitengebiet, italienischer Unesco-Welterbe![\/vc_column_text][vc_separator type=&#8220;transparent&#8220;][vc_media_grid style=&#8220;load-more&#8220; items_per_page=&#8220;4&#8243; element_width=&#8220;3&#8243; gap=&#8220;10&#8243; item=&#8220;19643&#8243; btn_size=&#8220;xs&#8220; btn_custom_onclick=&#8220;true&#8220; grid_id=&#8220;vc_gid:1744557613252-b7767ce6-5409-9&#8243; include=&#8220;16590,17115,18278,17588,18251,17413,18656,17251,17248&#8243;][\/vc_column_inner][vc_column_inner width=&#8220;1\/3&#8243;][\/vc_column_inner][\/vc_row_inner][\/vc_column][\/vc_row][vc_row css_animation=&#8220;&#8220; row_type=&#8220;row&#8220; use_row_as_full_screen_section=&#8220;no&#8220; type=&#8220;full_width&#8220; angled_section=&#8220;no&#8220; text_align=&#8220;left&#8220; background_image_as_pattern=&#8220;without_pattern&#8220;][vc_column][vc_empty_space][\/vc_column][\/vc_row]<\/p>\n<\/div>","protected":false},"excerpt":{"rendered":"<p>[vc_row css_animation=&#8220;&#8220; row_type=&#8220;row&#8220; use_row_as_full_screen_section=&#8220;no&#8220; type=&#8220;full_width&#8220; angled_section=&#8220;no&#8220; text_align=&#8220;left&#8220; background_image_as_pattern=&#8220;without_pattern&#8220; row_negative_margin=&#8220;disable_negative_margin&#8220;][vc_column][vc_custom_heading text=&#8220;Willkommen im Hotel Aurora&#8220; use_theme_fonts=&#8220;yes&#8220; css=&#8220;.vc_custom_1502658148030{margin-bottom: 15px !important;}&#8220;][vc_separator type=&#8220;transparent&#8220;][vc_row_inner row_type=&#8220;row&#8220; type=&#8220;full_width&#8220; text_align=&#8220;left&#8220; css_animation=&#8220;&#8220;][vc_column_inner&#8230;<\/p>\n","protected":false},"author":1,"featured_media":0,"parent":0,"menu_order":1,"comment_status":"closed","ping_status":"closed","template":"","meta":{"_acf_changed":false,"_monsterinsights_skip_tracking":false,"_monsterinsights_sitenote_active":false,"_monsterinsights_sitenote_note":"","_monsterinsights_sitenote_category":0,"footnotes":""},"class_list":["post-22430","page","type-page","status-publish","hentry"],"acf":[],"_links":{"self":[{"href":"https:\/\/hotelauroramarmolada.it\/de\/wp-json\/wp\/v2\/pages\/22430","targetHints":{"allow":["GET"]}}],"collection":[{"href":"https:\/\/hotelauroramarmolada.it\/de\/wp-json\/wp\/v2\/pages"}],"about":[{"href":"https:\/\/hotelauroramarmolada.it\/de\/wp-json\/wp\/v2\/types\/page"}],"author":[{"embeddable":true,"href":"https:\/\/hotelauroramarmolada.it\/de\/wp-json\/wp\/v2\/users\/1"}],"replies":[{"embeddable":true,"href":"https:\/\/hotelauroramarmolada.it\/de\/wp-json\/wp\/v2\/comments?post=22430"}],"version-history":[{"count":6,"href":"https:\/\/hotelauroramarmolada.it\/de\/wp-json\/wp\/v2\/pages\/22430\/revisions"}],"predecessor-version":[{"id":28216,"href":"https:\/\/hotelauroramarmolada.it\/de\/wp-json\/wp\/v2\/pages\/22430\/revisions\/28216"}],"wp:attachment":[{"href":"https:\/\/hotelauroramarmolada.it\/de\/wp-json\/wp\/v2\/media?parent=22430"}],"curies":[{"name":"wp","href":"https:\/\/api.w.org\/{rel}","templated":true}]}}